{"id":11275,"date":"2025-03-28T05:36:46","date_gmt":"2025-03-28T05:36:46","guid":{"rendered":"https:\/\/schlingloff-euromovers.de\/?post_type=product&#038;p=11275"},"modified":"2025-03-28T05:36:58","modified_gmt":"2025-03-28T05:36:58","slug":"crate-bank-nr-11-67x47x43-cm","status":"publish","type":"product","link":"https:\/\/schlingloff-euromovers.de\/ru\/product\/crate-bank-nr-11-67x47x43-cm\/","title":{"rendered":"\u041a\u043e\u043f\u0438\u043b\u043a\u0430 \u2116 11, 67\u044547\u044543 \u0441\u043c"},"content":{"rendered":"<p>\u00c4u\u00dfere Ma\u00dfe: 67x47x43 cm. Innere Ma\u00dfe: 61x42x41 cm. Diese Holzkiste ist robust und ideal f\u00fcr den Transport empfindlicher Gegenst\u00e4nde. Perfekt f\u00fcr lange Gegenst\u00e4nde geeignet.<\/p>","protected":false},"excerpt":{"rendered":"<p>\u00c4u\u00dfere Ma\u00dfe: 67x47x43 cm. Innere Ma\u00dfe: 61x42x41 cm. Diese Holzkiste ist robust und ideal f\u00fcr den Transport empfindlicher Gegenst\u00e4nde. Perfekt f\u00fcr lange Gegenst\u00e4nde geeignet.<\/p>","protected":false},"featured_media":11305,"template":"","meta":[],"product_brand":[],"product_cat":[42],"product_tag":[],"class_list":{"0":"post-11275","1":"product","2":"type-product","3":"status-publish","4":"has-post-thumbnail","6":"product_cat-crate-bank","8":"first","9":"instock","10":"taxable","11":"shipping-taxable","12":"purchasable","13":"product-type-simple"},"_links":{"self":[{"href":"https:\/\/schlingloff-euromovers.de\/ru\/wp-json\/wp\/v2\/product\/11275","targetHints":{"allow":["GET"]}}],"collection":[{"href":"https:\/\/schlingloff-euromovers.de\/ru\/wp-json\/wp\/v2\/product"}],"about":[{"href":"https:\/\/schlingloff-euromovers.de\/ru\/wp-json\/wp\/v2\/types\/product"}],"wp:featuredmedia":[{"embeddable":true,"href":"https:\/\/schlingloff-euromovers.de\/ru\/wp-json\/wp\/v2\/media\/11305"}],"wp:attachment":[{"href":"https:\/\/schlingloff-euromovers.de\/ru\/wp-json\/wp\/v2\/media?parent=11275"}],"wp:term":[{"taxonomy":"product_brand","embeddable":true,"href":"https:\/\/schlingloff-euromovers.de\/ru\/wp-json\/wp\/v2\/product_brand?post=11275"},{"taxonomy":"product_cat","embeddable":true,"href":"https:\/\/schlingloff-euromovers.de\/ru\/wp-json\/wp\/v2\/product_cat?post=11275"},{"taxonomy":"product_tag","embeddable":true,"href":"https:\/\/schlingloff-euromovers.de\/ru\/wp-json\/wp\/v2\/product_tag?post=11275"}],"curies":[{"name":"wp","href":"https:\/\/api.w.org\/{rel}","templated":true}]}}