{"id":11274,"date":"2025-03-28T05:36:46","date_gmt":"2025-03-28T05:36:46","guid":{"rendered":"https:\/\/schlingloff-euromovers.de\/?post_type=product&#038;p=11274"},"modified":"2025-03-28T05:36:57","modified_gmt":"2025-03-28T05:36:57","slug":"crate-bank-nr-10-66x46x43-cm","status":"publish","type":"product","link":"https:\/\/schlingloff-euromovers.de\/en\/product\/crate-bank-nr-10-66x46x43-cm\/","title":{"rendered":"Crate Bank Nr.10 66x46x43 cm"},"content":{"rendered":"<p>\u00c4u\u00dfere Ma\u00dfe: 66x46x43 cm. Innere Ma\u00dfe: 61x41x41 cm. Diese Holzkiste ist robust und ideal f\u00fcr den Transport empfindlicher Gegenst\u00e4nde. Perfekt f\u00fcr lange Gegenst\u00e4nde geeignet.<\/p>","protected":false},"excerpt":{"rendered":"<p>\u00c4u\u00dfere Ma\u00dfe: 66x46x43 cm. Innere Ma\u00dfe: 61x41x41 cm. Diese Holzkiste ist robust und ideal f\u00fcr den Transport empfindlicher Gegenst\u00e4nde. Perfekt f\u00fcr lange Gegenst\u00e4nde geeignet.<\/p>","protected":false},"featured_media":11304,"template":"","meta":[],"product_brand":[],"product_cat":[42],"product_tag":[],"class_list":{"0":"post-11274","1":"product","2":"type-product","3":"status-publish","4":"has-post-thumbnail","6":"product_cat-crate-bank","8":"first","9":"instock","10":"taxable","11":"shipping-taxable","12":"purchasable","13":"product-type-simple"},"_links":{"self":[{"href":"https:\/\/schlingloff-euromovers.de\/en\/wp-json\/wp\/v2\/product\/11274","targetHints":{"allow":["GET"]}}],"collection":[{"href":"https:\/\/schlingloff-euromovers.de\/en\/wp-json\/wp\/v2\/product"}],"about":[{"href":"https:\/\/schlingloff-euromovers.de\/en\/wp-json\/wp\/v2\/types\/product"}],"wp:featuredmedia":[{"embeddable":true,"href":"https:\/\/schlingloff-euromovers.de\/en\/wp-json\/wp\/v2\/media\/11304"}],"wp:attachment":[{"href":"https:\/\/schlingloff-euromovers.de\/en\/wp-json\/wp\/v2\/media?parent=11274"}],"wp:term":[{"taxonomy":"product_brand","embeddable":true,"href":"https:\/\/schlingloff-euromovers.de\/en\/wp-json\/wp\/v2\/product_brand?post=11274"},{"taxonomy":"product_cat","embeddable":true,"href":"https:\/\/schlingloff-euromovers.de\/en\/wp-json\/wp\/v2\/product_cat?post=11274"},{"taxonomy":"product_tag","embeddable":true,"href":"https:\/\/schlingloff-euromovers.de\/en\/wp-json\/wp\/v2\/product_tag?post=11274"}],"curies":[{"name":"wp","href":"https:\/\/api.w.org\/{rel}","templated":true}]}}