{"id":87,"date":"2024-11-17T11:32:40","date_gmt":"2024-11-17T11:32:40","guid":{"rendered":"http:\/\/192.168.0.134:10017\/?page_id=87"},"modified":"2026-04-01T18:48:16","modified_gmt":"2026-04-01T18:48:16","slug":"about-us","status":"publish","type":"page","link":"https:\/\/schlingloff-euromovers.de\/en\/uber-uns\/","title":{"rendered":"About Us"},"content":{"rendered":"<div data-elementor-type=\"wp-page\" data-elementor-id=\"87\" class=\"elementor elementor-87\">\n\t\t\t\t<div class=\"no-position  elementor-element elementor-element-58e0504 e-flex e-con-boxed e-con e-parent\" data-id=\"58e0504\" data-element_type=\"container\" data-settings=\"{&quot;background_background&quot;:&quot;classic&quot;}\">\n\t\t\t\t\t<div class=\"e-con-inner\">\n\t\t\t\t<div class=\"elementor-element elementor-element-f0a43c1 gsap-move-no rs-tween_max_btn-no elementor-widget elementor-widget-page-title\" data-id=\"f0a43c1\" data-element_type=\"widget\" data-settings=\"{&quot;align&quot;:&quot;center&quot;}\" data-widget_type=\"page-title.default\">\n\t\t\t\t<div class=\"elementor-widget-container\">\n\t\t\t\t\t\t\t\n\t\t<div class=\"hfe-page-title hfe-page-title-wrapper elementor-widget-heading\">\n\t\t\t\n\t\t\t<h1 class=\"elementor-heading-title elementor-size\">\n\t\t\t\tAbout Us\t\t\t<\/h1> \n\n\t\t\t\t\t\t\t\t<\/div>\n\t\t\t\t\t\t<\/div>\n\t\t\t\t<\/div>\n\t\t\t\t\t<\/div>\n\t\t\t\t<\/div>\n\t\t<div class=\"no-position  elementor-element elementor-element-9b88348 e-flex e-con-boxed e-con e-parent\" data-id=\"9b88348\" data-element_type=\"container\">\n\t\t\t\t\t<div class=\"e-con-inner\">\n\t\t<div class=\"no-position  elementor-element elementor-element-05bb531 e-con-full e-flex e-con e-child\" data-id=\"05bb531\" data-element_type=\"container\">\n\t\t\t\t<div class=\"elementor-element elementor-element-b64c5b5 gsap-move-no rs-tween_max_btn-no elementor-widget elementor-widget-text-editor\" data-id=\"b64c5b5\" data-element_type=\"widget\" data-widget_type=\"text-editor.default\">\n\t\t\t\t\t\t\t\t\t<p>The company Ferd. Schlingloff was founded in 1907 by Ferdinand Schlingloff in Frankfurt am Main. In 2013, the long-established company was acquired by Dimitri Wagner, the current managing director. He integrated Ferd. Schlingloff into the international Euromovers network, enabling you to move anywhere, anytime, with complete satisfaction! In 2021, the moving logistics company Ferd. Schlingloff became a brand of Wagner International GmbH.<\/p><p>In 2015, the company relocated to Martinsthal-Eltville in the Rheingau region. From there, we can reach you within minutes in Wiesbaden, Mainz, Limburg an der Lahn, Frankfurt am Main, Cologne, and throughout the Rheingau. Furthermore, we also cross regional borders daily, moving you to even the most remote locations in the world. We are able to do this thanks to our membership in the\u00a0<a href=\"https:\/\/www.iamovers.org\/\" target=\"_blank\" rel=\"noopener\">International Association of Movers (IAM)<\/a>\u00a0and the\u00a0<a href=\"https:\/\/www.amoe.de\/home\" target=\"_blank\" rel=\"noopener\">German Federal Association of Furniture Forwarders and Logistics (AM\u00d6) eV<\/a> and accomplish this with our more than 3000 international partners in a straightforward manner and to your complete satisfaction.<\/p>\t\t\t\t\t\t\t\t<\/div>\n\t\t\t\t<\/div>\n\t\t<div class=\"no-position  elementor-element elementor-element-fadf40c e-con-full e-flex e-con e-child\" data-id=\"fadf40c\" data-element_type=\"container\">\n\t\t\t\t<div class=\"elementor-element elementor-element-a2b7fea gsap-move-no rs-tween_max_btn-no elementor-widget elementor-widget-text-editor\" data-id=\"a2b7fea\" data-element_type=\"widget\" data-widget_type=\"text-editor.default\">\n\t\t\t\t\t\t\t\t\t<p>Also in matters <a href=\"https:\/\/schlingloff-euromovers.de\/en\/self-storage\/\">Storage\u00a0<\/a>We offer you a complete, worry-free package. On an area of \u200b\u200b1,500m\u00b2, we can store your belongings safely, cleanly, and dryly as a temporary measure, should you not be able to move everything into your new home at once. You can rely on us completely for your moving and storage needs, as we distinguish ourselves not only through our international network but also through our qualifications in quality management (ISO 9001) and environmental management (ISO 14011).<\/p>\t\t\t\t\t\t\t\t<\/div>\n\t\t\t\t<div class=\"elementor-element elementor-element-53e11f2 elementor-widget-tablet__width-inherit gsap-move-no rs-tween_max_btn-no elementor-widget elementor-widget-rs-image\" data-id=\"53e11f2\" data-element_type=\"widget\" data-widget_type=\"rs-image.default\">\n\t\t\t\t<div class=\"elementor-widget-container\">\n\t\t\t\t\t\n        <div class=\"rs-image yes ruler_image_ ruler_position_\">\n                                                            <img decoding=\"async\" class=\"rs-multi-image horizontal2 reverse- blend_unset\" src=\"https:\/\/schlingloff-euromovers.de\/wp-content\/uploads\/2025\/03\/QSS-Logos_zusammen-1-768x523-1.jpg\" alt=\"QSS-Logos_zusammen-1-768x523\"\/>\n                                                                        <\/div>   \n          \n    \t\t\t\t<\/div>\n\t\t\t\t<\/div>\n\t\t\t\t<\/div>\n\t\t\t\t\t<\/div>\n\t\t\t\t<\/div>\n\t\t<div class=\"no-position  elementor-element elementor-element-3d40687 e-flex e-con-boxed e-con e-child\" data-id=\"3d40687\" data-element_type=\"container\">\n\t\t\t\t\t<div class=\"e-con-inner\">\n\t\t\t\t<div class=\"elementor-element elementor-element-4dbc0a4 elementor-widget__width-initial elementor-widget-mobile__width-inherit gsap-move-no rs-tween_max_btn-no elementor-widget elementor-widget-rs-heading\" data-id=\"4dbc0a4\" data-element_type=\"widget\" data-widget_type=\"rs-heading.default\">\n\t\t\t\t<div class=\"elementor-widget-container\">\n\t\t\t\t\t\n\t\t<div class=\"prelements-heading style1    animate-\">\n\t\t\t<div class=\"title-inner\">\n\t\t\t\t<h2 class=\"title rs-split-text-enable split-in-left\">Get a quote for your move now<\/h2>\n\t\t\t<\/div>\n\t\t\t\t\t\t\t<div class=\"description\">\n\t\t\t\t\t<p>Let yourself be surprised by low prices and top conditions!<\/p>\t\t\t\t<\/div>\n\t\t\t\t\t<\/div>\n\t\t\t\t<\/div>\n\t\t\t\t<\/div>\n\t\t\t\t<div class=\"elementor-element elementor-element-f85acb1 elementor-widget-mobile__width-inherit gsap-move-no rs-tween_max_btn-no elementor-widget elementor-widget-rs-button\" data-id=\"f85acb1\" data-element_type=\"widget\" data-widget_type=\"rs-button.default\">\n\t\t\t\t<div class=\"elementor-widget-container\">\n\t\t\t\t\t\t\t<div class=\"rs-button style6 unique-59162\">\r\n\r\n\t\t\t\r\n\t\t\t\t\t\t\t<a class=\"rs-btn\" href=\"https:\/\/schlingloff-euromovers.de\/en\/contact\/\">\r\n\t\t\t\t\t\t\t\t\t\t\t<em class=\"first-em\">\r\n\t\t\t\t\t\t\t<svg xmlns=\"http:\/\/www.w3.org\/2000\/svg\" width=\"16\" height=\"16\" viewbox=\"0 0 16 16\" fill=\"none\"><path d=\"M1 8H15\" stroke=\"#1BBBFF\" stroke-width=\"2\" stroke-linecap=\"round\" stroke-linejoin=\"round\"><\/path><path d=\"M8 1.58337L15 8.00004L8 14.4167\" stroke=\"#1BBBFF\" stroke-width=\"2\" stroke-linecap=\"round\" stroke-linejoin=\"round\"><\/path><\/svg>\t\t\t\t\t\t<\/em>\t\r\n\t\t\t\t\t\t\t\t\t\t<span class=\"\">Enquire now!<\/span>\r\n\t\t\t\t\t\t\t\t\t\t\t<em>\r\n\t\t\t\t\t\t\t<svg xmlns=\"http:\/\/www.w3.org\/2000\/svg\" width=\"16\" height=\"16\" viewbox=\"0 0 16 16\" fill=\"none\"><path d=\"M1 8H15\" stroke=\"#1BBBFF\" stroke-width=\"2\" stroke-linecap=\"round\" stroke-linejoin=\"round\"><\/path><path d=\"M8 1.58337L15 8.00004L8 14.4167\" stroke=\"#1BBBFF\" stroke-width=\"2\" stroke-linecap=\"round\" stroke-linejoin=\"round\"><\/path><\/svg>\t\t\t\t\t\t<\/em>\t\r\n\t\t\t\t\t\t\t\t\t<\/a>\r\n\t\t\t\t\t<\/div>\r\n\t\t\t\t\t<\/div>\n\t\t\t\t<\/div>\n\t\t\t\t<div class=\"elementor-element elementor-element-e2f67ca elementor-widget__width-inherit gsap-move-no rs-tween_max_btn-no elementor-widget elementor-widget-rs-divider\" data-id=\"e2f67ca\" data-element_type=\"widget\" data-widget_type=\"rs-divider.default\">\n\t\t\t\t<div class=\"elementor-widget-container\">\n\t\t\t\t\t\n\t\t<div class=\"rs-divider\"> <\/div>\n\n\t\t\t\t\t<\/div>\n\t\t\t\t<\/div>\n\t\t\t\t\t<\/div>\n\t\t\t\t<\/div>\n\t\t<div class=\"no-position  elementor-element elementor-element-9b4d2af e-flex e-con-boxed e-con e-parent\" data-id=\"9b4d2af\" data-element_type=\"container\" data-settings=\"{&quot;background_background&quot;:&quot;classic&quot;}\">\n\t\t\t\t\t<div class=\"e-con-inner\">\n\t\t<div class=\"no-position  elementor-element elementor-element-a2c2068 e-con-full e-flex e-con e-child\" data-id=\"a2c2068\" data-element_type=\"container\">\n\t\t\t\t<div class=\"elementor-element elementor-element-76ca0b2 gsap-move-no rs-tween_max_btn-no elementor-widget elementor-widget-text-editor\" data-id=\"76ca0b2\" data-element_type=\"widget\" data-widget_type=\"text-editor.default\">\n\t\t\t\t\t\t\t\t\t<p>Our highly trained team guarantees you the best move you've ever had! The Ferd. Schlingloff team currently comprises 19 employees, 13 of whom are on the road for you, both in Germany and internationally. At our Eltville-Martinsthal location, you'll meet our friendly staff, who will be happy to answer your questions and provide you with an initial, no-obligation quote for your move! Furthermore, since 2013, our long-established company has offered apprenticeships as logistics and freight forwarding specialists, training the moving experts of tomorrow. \u00a0<\/p><p>Form your own opinion and\u00a0<a href=\"https:\/\/schlingloff-euromovers.de\/en\/directions\/\">visit\u00a0<\/a>You can contact us or take\u00a0<a href=\"http:\/\/+496123503190\/\">by telephone\u00a0<\/a>Get in touch with us! We look forward to hearing from you!<\/p><p>If you don't want to miss the latest information about Ferd. Schlingloff, follow us on\u00a0<a href=\"https:\/\/www.facebook.com\/schlingloff.euromovers\/?ref=aymt_homepage_panel&amp;eid=ARDrj57wnj9SnjpGIVzRAiZaSh7SCmPZOFvV8QyO--s4xQIDIi7gx04GHgCcBvNulWT4s8LzSRZ467-u\" data-wplink-edit=\"true\" target=\"_blank\" rel=\"noopener\">Facebook\u00a0<\/a>and\u00a0<a href=\"https:\/\/www.instagram.com\/schlingloffeuromovers\/\" data-wplink-edit=\"true\" target=\"_blank\" rel=\"noopener\">Instagram<\/a>!<\/p>\t\t\t\t\t\t\t\t<\/div>\n\t\t\t\t<div class=\"elementor-element elementor-element-5f29431 elementor-shape-circle elementor-widget-mobile__width-inherit elementor-grid-0 e-grid-align-center gsap-move-no rs-tween_max_btn-no elementor-widget elementor-widget-social-icons\" data-id=\"5f29431\" data-element_type=\"widget\" data-widget_type=\"social-icons.default\">\n\t\t\t\t\t\t\t<div class=\"elementor-social-icons-wrapper elementor-grid\" role=\"list\">\n\t\t\t\t\t\t\t<span class=\"elementor-grid-item\" role=\"listitem\">\n\t\t\t\t\t<a class=\"elementor-icon elementor-social-icon elementor-social-icon-facebook elementor-repeater-item-d00433d\" href=\"https:\/\/www.facebook.com\/schlingloff.euromovers\/?ref=aymt_homepage_panel&#038;eid=ARDrj57wnj9SnjpGIVzRAiZaSh7SCmPZOFvV8QyO--s4xQIDIi7gx04GHgCcBvNulWT4s8LzSRZ467-u\" target=\"_blank\" rel=\"noopener\">\n\t\t\t\t\t\t<span class=\"elementor-screen-only\">Facebook<\/span>\n\t\t\t\t\t\t<svg aria-hidden=\"true\" class=\"e-font-icon-svg e-fab-facebook\" viewbox=\"0 0 512 512\" xmlns=\"http:\/\/www.w3.org\/2000\/svg\"><path d=\"M504 256C504 119 393 8 256 8S8 119 8 256c0 123.78 90.69 226.38 209.25 245V327.69h-63V256h63v-54.64c0-62.15 37-96.48 93.67-96.48 27.14 0 55.52 4.84 55.52 4.84v61h-31.28c-30.8 0-40.41 19.12-40.41 38.73V256h68.78l-11 71.69h-57.78V501C413.31 482.38 504 379.78 504 256z\"><\/path><\/svg>\t\t\t\t\t<\/a>\n\t\t\t\t<\/span>\n\t\t\t\t\t\t\t<span class=\"elementor-grid-item\" role=\"listitem\">\n\t\t\t\t\t<a class=\"elementor-icon elementor-social-icon elementor-social-icon-instagram elementor-repeater-item-8365721\" href=\"https:\/\/www.instagram.com\/schlingloffeuromovers\/\" target=\"_blank\" rel=\"noopener\">\n\t\t\t\t\t\t<span class=\"elementor-screen-only\">Instagram<\/span>\n\t\t\t\t\t\t<svg aria-hidden=\"true\" class=\"e-font-icon-svg e-fab-instagram\" viewbox=\"0 0 448 512\" xmlns=\"http:\/\/www.w3.org\/2000\/svg\"><path d=\"M224.1 141c-63.6 0-114.9 51.3-114.9 114.9s51.3 114.9 114.9 114.9S339 319.5 339 255.9 287.7 141 224.1 141zm0 189.6c-41.1 0-74.7-33.5-74.7-74.7s33.5-74.7 74.7-74.7 74.7 33.5 74.7 74.7-33.6 74.7-74.7 74.7zm146.4-194.3c0 14.9-12 26.8-26.8 26.8-14.9 0-26.8-12-26.8-26.8s12-26.8 26.8-26.8 26.8 12 26.8 26.8zm76.1 27.2c-1.7-35.9-9.9-67.7-36.2-93.9-26.2-26.2-58-34.4-93.9-36.2-37-2.1-147.9-2.1-184.9 0-35.8 1.7-67.6 9.9-93.9 36.1s-34.4 58-36.2 93.9c-2.1 37-2.1 147.9 0 184.9 1.7 35.9 9.9 67.7 36.2 93.9s58 34.4 93.9 36.2c37 2.1 147.9 2.1 184.9 0 35.9-1.7 67.7-9.9 93.9-36.2 26.2-26.2 34.4-58 36.2-93.9 2.1-37 2.1-147.8 0-184.8zM398.8 388c-7.8 19.6-22.9 34.7-42.6 42.6-29.5 11.7-99.5 9-132.1 9s-102.7 2.6-132.1-9c-19.6-7.8-34.7-22.9-42.6-42.6-11.7-29.5-9-99.5-9-132.1s-2.6-102.7 9-132.1c7.8-19.6 22.9-34.7 42.6-42.6 29.5-11.7 99.5-9 132.1-9s102.7-2.6 132.1 9c19.6 7.8 34.7 22.9 42.6 42.6 11.7 29.5 9 99.5 9 132.1s2.7 102.7-9 132.1z\"><\/path><\/svg>\t\t\t\t\t<\/a>\n\t\t\t\t<\/span>\n\t\t\t\t\t<\/div>\n\t\t\t\t\t\t<\/div>\n\t\t\t\t<\/div>\n\t\t<div class=\"no-position  elementor-element elementor-element-6143803 e-con-full e-flex e-con e-child\" data-id=\"6143803\" data-element_type=\"container\">\n\t\t\t\t<div class=\"elementor-element elementor-element-a92f88c elementor-widget-tablet__width-inherit gsap-move-no rs-tween_max_btn-no elementor-widget elementor-widget-rs-image\" data-id=\"a92f88c\" data-element_type=\"widget\" data-widget_type=\"rs-image.default\">\n\t\t\t\t<div class=\"elementor-widget-container\">\n\t\t\t\t\t\n        <div class=\"rs-image  ruler_image_ ruler_position_\">\n                                                            <img decoding=\"async\" class=\"rs-multi-image  reverse- blend_unset\" src=\"https:\/\/schlingloff-euromovers.de\/wp-content\/uploads\/2025\/03\/Teamfoto-Webseite-1-von-1-1-1024x920-1.jpg\" alt=\"Teamfoto-Webseite-1-von-1-1-1024x920\"\/>\n                                                                        <\/div>   \n          \n    \t\t\t\t<\/div>\n\t\t\t\t<\/div>\n\t\t\t\t<\/div>\n\t\t\t\t\t<\/div>\n\t\t\t\t<\/div>\n\t\t<div class=\"no-position  elementor-element elementor-element-c546846 e-flex e-con-boxed e-con e-parent\" data-id=\"c546846\" data-element_type=\"container\">\n\t\t\t\t\t<div class=\"e-con-inner\">\n\t\t<div class=\"no-position  elementor-element elementor-element-d3b95c0 e-con-full e-flex e-con e-child\" data-id=\"d3b95c0\" data-element_type=\"container\">\n\t\t\t\t<div class=\"elementor-element elementor-element-c7e5702 gsap-move-no rs-tween_max_btn-no elementor-widget elementor-widget-image\" data-id=\"c7e5702\" data-element_type=\"widget\" data-widget_type=\"image.default\">\n\t\t\t\t\t\t\t\t\t\t\t\t\t\t\t\t<a href=\"https:\/\/schlingloff-euromovers.de\/wp-content\/uploads\/2025\/09\/Appendix_F.1_Version_8_2025_-_F._Schlingloff_Quality_Policy-1.pdf\" target=\"_blank\">\n\t\t\t\t\t\t\t<img fetchpriority=\"high\" decoding=\"async\" width=\"880\" height=\"1247\" src=\"https:\/\/schlingloff-euromovers.de\/wp-content\/uploads\/2025\/09\/FS1.jpg\" class=\"attachment-full size-full wp-image-12348\" alt=\"\" srcset=\"https:\/\/schlingloff-euromovers.de\/wp-content\/uploads\/2025\/09\/FS1.jpg 880w, https:\/\/schlingloff-euromovers.de\/wp-content\/uploads\/2025\/09\/FS1-212x300.jpg 212w, https:\/\/schlingloff-euromovers.de\/wp-content\/uploads\/2025\/09\/FS1-723x1024.jpg 723w, https:\/\/schlingloff-euromovers.de\/wp-content\/uploads\/2025\/09\/FS1-768x1088.jpg 768w, https:\/\/schlingloff-euromovers.de\/wp-content\/uploads\/2025\/09\/FS1-400x567.jpg 400w\" sizes=\"(max-width: 880px) 100vw, 880px\" \/>\t\t\t\t\t\t\t\t<\/a>\n\t\t\t\t\t\t\t\t\t\t\t\t\t\t\t<\/div>\n\t\t\t\t<\/div>\n\t\t<div class=\"no-position  elementor-element elementor-element-da26e84 e-con-full e-flex e-con e-child\" data-id=\"da26e84\" data-element_type=\"container\">\n\t\t\t\t<div class=\"elementor-element elementor-element-58ad845 gsap-move-no rs-tween_max_btn-no elementor-widget elementor-widget-image\" data-id=\"58ad845\" data-element_type=\"widget\" data-widget_type=\"image.default\">\n\t\t\t\t\t\t\t\t\t\t\t\t\t\t\t\t<a href=\"https:\/\/schlingloff-euromovers.de\/wp-content\/uploads\/2025\/09\/Appendix_F.2_Version_8_2025_-_F._Schlingloff_Envir_Policy-1.pdf\" target=\"_blank\">\n\t\t\t\t\t\t\t<img decoding=\"async\" width=\"876\" height=\"1246\" src=\"https:\/\/schlingloff-euromovers.de\/wp-content\/uploads\/2025\/09\/FS2.jpg\" class=\"attachment-full size-full wp-image-12349\" alt=\"\" srcset=\"https:\/\/schlingloff-euromovers.de\/wp-content\/uploads\/2025\/09\/FS2.jpg 876w, https:\/\/schlingloff-euromovers.de\/wp-content\/uploads\/2025\/09\/FS2-211x300.jpg 211w, https:\/\/schlingloff-euromovers.de\/wp-content\/uploads\/2025\/09\/FS2-720x1024.jpg 720w, https:\/\/schlingloff-euromovers.de\/wp-content\/uploads\/2025\/09\/FS2-768x1092.jpg 768w, https:\/\/schlingloff-euromovers.de\/wp-content\/uploads\/2025\/09\/FS2-400x569.jpg 400w\" sizes=\"(max-width: 876px) 100vw, 876px\" \/>\t\t\t\t\t\t\t\t<\/a>\n\t\t\t\t\t\t\t\t\t\t\t\t\t\t\t<\/div>\n\t\t\t\t<\/div>\n\t\t\t\t\t<\/div>\n\t\t\t\t<\/div>\n\t\t<div class=\"no-position  elementor-element elementor-element-f46da24 e-flex e-con-boxed e-con e-child\" data-id=\"f46da24\" data-element_type=\"container\">\n\t\t\t\t\t<div class=\"e-con-inner\">\n\t\t\t\t<div class=\"elementor-element elementor-element-6af5bc2 elementor-widget__width-initial elementor-widget-mobile__width-inherit gsap-move-no rs-tween_max_btn-no elementor-widget elementor-widget-rs-heading\" data-id=\"6af5bc2\" data-element_type=\"widget\" data-widget_type=\"rs-heading.default\">\n\t\t\t\t<div class=\"elementor-widget-container\">\n\t\t\t\t\t\n\t\t<div class=\"prelements-heading style1    animate-\">\n\t\t\t<div class=\"title-inner\">\n\t\t\t\t<h3 class=\"title rs-split-text-enable split-in-left\">Our Certifications &amp; Quality Standards<\/h3>\n\t\t\t<\/div>\n\t\t\t\t\t<\/div>\n\t\t\t\t<\/div>\n\t\t\t\t<\/div>\n\t\t<div class=\"no-position  elementor-element elementor-element-d79f3d3 e-grid e-con-full e-con e-child\" data-id=\"d79f3d3\" data-element_type=\"container\">\n\t\t\t\t<div class=\"elementor-element elementor-element-ef9d29a gsap-move-no rs-tween_max_btn-no elementor-widget elementor-widget-image\" data-id=\"ef9d29a\" data-element_type=\"widget\" data-widget_type=\"image.default\">\n\t\t\t\t\t\t\t\t\t\t\t\t\t\t\t\t<a href=\"https:\/\/schlingloff-euromovers.de\/wp-content\/uploads\/2026\/04\/1-1.png\" target=\"_blank\">\n\t\t\t\t\t\t\t<img decoding=\"async\" width=\"640\" height=\"488\" src=\"https:\/\/schlingloff-euromovers.de\/wp-content\/uploads\/2026\/04\/1-1.png\" class=\"attachment-large size-large wp-image-12770\" alt=\"\" srcset=\"https:\/\/schlingloff-euromovers.de\/wp-content\/uploads\/2026\/04\/1-1.png 892w, https:\/\/schlingloff-euromovers.de\/wp-content\/uploads\/2026\/04\/1-1-300x231.png 300w, https:\/\/schlingloff-euromovers.de\/wp-content\/uploads\/2026\/04\/1-1-768x592.png 768w, https:\/\/schlingloff-euromovers.de\/wp-content\/uploads\/2026\/04\/1-1-16x12.png 16w, https:\/\/schlingloff-euromovers.de\/wp-content\/uploads\/2026\/04\/1-1-400x309.png 400w\" sizes=\"(max-width: 640px) 100vw, 640px\" \/>\t\t\t\t\t\t\t\t<\/a>\n\t\t\t\t\t\t\t\t\t\t\t\t\t\t\t<\/div>\n\t\t\t\t<div class=\"elementor-element elementor-element-1660113 gsap-move-no rs-tween_max_btn-no elementor-widget elementor-widget-image\" data-id=\"1660113\" data-element_type=\"widget\" data-widget_type=\"image.default\">\n\t\t\t\t\t\t\t\t\t\t\t\t\t\t\t\t<a href=\"https:\/\/schlingloff-euromovers.de\/wp-content\/uploads\/2026\/04\/Wagner-International-8564-2024.pdf\" target=\"_blank\">\n\t\t\t\t\t\t\t<img loading=\"lazy\" decoding=\"async\" width=\"613\" height=\"435\" src=\"https:\/\/schlingloff-euromovers.de\/wp-content\/uploads\/2026\/04\/2-1.png\" class=\"attachment-large size-large wp-image-12771\" alt=\"\" srcset=\"https:\/\/schlingloff-euromovers.de\/wp-content\/uploads\/2026\/04\/2-1.png 612w, https:\/\/schlingloff-euromovers.de\/wp-content\/uploads\/2026\/04\/2-1-300x218.png 300w, https:\/\/schlingloff-euromovers.de\/wp-content\/uploads\/2026\/04\/2-1-18x12.png 18w, https:\/\/schlingloff-euromovers.de\/wp-content\/uploads\/2026\/04\/2-1-400x291.png 400w\" sizes=\"(max-width: 613px) 100vw, 613px\" \/>\t\t\t\t\t\t\t\t<\/a>\n\t\t\t\t\t\t\t\t\t\t\t\t\t\t\t<\/div>\n\t\t\t\t<div class=\"elementor-element elementor-element-0371cb3 gsap-move-no rs-tween_max_btn-no elementor-widget elementor-widget-image\" data-id=\"0371cb3\" data-element_type=\"widget\" data-widget_type=\"image.default\">\n\t\t\t\t\t\t\t\t\t\t\t\t\t\t\t\t<a href=\"https:\/\/schlingloff-euromovers.de\/wp-content\/uploads\/2026\/04\/Wagner-International-9001-2024.pdf\" target=\"_blank\">\n\t\t\t\t\t\t\t<img loading=\"lazy\" decoding=\"async\" width=\"612\" height=\"443\" src=\"https:\/\/schlingloff-euromovers.de\/wp-content\/uploads\/2026\/04\/3-1.png\" class=\"attachment-large size-large wp-image-12772\" alt=\"\" srcset=\"https:\/\/schlingloff-euromovers.de\/wp-content\/uploads\/2026\/04\/3-1.png 612w, https:\/\/schlingloff-euromovers.de\/wp-content\/uploads\/2026\/04\/3-1-300x217.png 300w, https:\/\/schlingloff-euromovers.de\/wp-content\/uploads\/2026\/04\/3-1-18x12.png 18w, https:\/\/schlingloff-euromovers.de\/wp-content\/uploads\/2026\/04\/3-1-400x290.png 400w\" sizes=\"(max-width: 612px) 100vw, 612px\" \/>\t\t\t\t\t\t\t\t<\/a>\n\t\t\t\t\t\t\t\t\t\t\t\t\t\t\t<\/div>\n\t\t\t\t<div class=\"elementor-element elementor-element-bc66114 gsap-move-no rs-tween_max_btn-no elementor-widget elementor-widget-image\" data-id=\"bc66114\" data-element_type=\"widget\" data-widget_type=\"image.default\">\n\t\t\t\t\t\t\t\t\t\t\t\t\t\t\t\t<a href=\"https:\/\/schlingloff-euromovers.de\/wp-content\/uploads\/2026\/04\/Wagner-International-12522-2024.pdf\" target=\"_blank\">\n\t\t\t\t\t\t\t<img loading=\"lazy\" decoding=\"async\" width=\"613\" height=\"426\" src=\"https:\/\/schlingloff-euromovers.de\/wp-content\/uploads\/2026\/04\/4-1.png\" class=\"attachment-large size-large wp-image-12773\" alt=\"\" srcset=\"https:\/\/schlingloff-euromovers.de\/wp-content\/uploads\/2026\/04\/4-1.png 616w, https:\/\/schlingloff-euromovers.de\/wp-content\/uploads\/2026\/04\/4-1-300x212.png 300w, https:\/\/schlingloff-euromovers.de\/wp-content\/uploads\/2026\/04\/4-1-18x12.png 18w, https:\/\/schlingloff-euromovers.de\/wp-content\/uploads\/2026\/04\/4-1-400x283.png 400w\" sizes=\"(max-width: 613px) 100vw, 613px\" \/>\t\t\t\t\t\t\t\t<\/a>\n\t\t\t\t\t\t\t\t\t\t\t\t\t\t\t<\/div>\n\t\t\t\t<div class=\"elementor-element elementor-element-4342b64 gsap-move-no rs-tween_max_btn-no elementor-widget elementor-widget-image\" data-id=\"4342b64\" data-element_type=\"widget\" data-widget_type=\"image.default\">\n\t\t\t\t\t\t\t\t\t\t\t\t\t\t\t\t<a href=\"https:\/\/schlingloff-euromovers.de\/wp-content\/uploads\/2026\/04\/Wagner-International-14001-2024.pdf\" target=\"_blank\">\n\t\t\t\t\t\t\t<img loading=\"lazy\" decoding=\"async\" width=\"618\" height=\"441\" src=\"https:\/\/schlingloff-euromovers.de\/wp-content\/uploads\/2026\/04\/5-1.png\" class=\"attachment-large size-large wp-image-12774\" alt=\"\" srcset=\"https:\/\/schlingloff-euromovers.de\/wp-content\/uploads\/2026\/04\/5-1.png 612w, https:\/\/schlingloff-euromovers.de\/wp-content\/uploads\/2026\/04\/5-1-300x219.png 300w, https:\/\/schlingloff-euromovers.de\/wp-content\/uploads\/2026\/04\/5-1-16x12.png 16w, https:\/\/schlingloff-euromovers.de\/wp-content\/uploads\/2026\/04\/5-1-400x292.png 400w\" sizes=\"(max-width: 618px) 100vw, 618px\" \/>\t\t\t\t\t\t\t\t<\/a>\n\t\t\t\t\t\t\t\t\t\t\t\t\t\t\t<\/div>\n\t\t\t\t<\/div>\n\t\t\t\t<div class=\"elementor-element elementor-element-91c3892 elementor-widget__width-inherit gsap-move-no rs-tween_max_btn-no elementor-widget elementor-widget-rs-divider\" data-id=\"91c3892\" data-element_type=\"widget\" data-widget_type=\"rs-divider.default\">\n\t\t\t\t<div class=\"elementor-widget-container\">\n\t\t\t\t\t\n\t\t<div class=\"rs-divider\"> <\/div>\n\n\t\t\t\t\t<\/div>\n\t\t\t\t<\/div>\n\t\t\t\t\t<\/div>\n\t\t\t\t<\/div>\n\t\t\t\t<\/div>","protected":false},"excerpt":{"rendered":"<p>\u00dcber uns Das Unternehmen Ferd. Schlingloff wurde im Jahre 1907 von dem gleichnamigen Ferdinand Schlingloff am Standort Frankfurt am Main gegr\u00fcndet. Dort wurde das traditionsreiche Unternehmen 2013 von Dimitri Wagner, dem aktuellen Gesch\u00e4ftsf\u00fchrer, \u00fcbernommen. Er vernetzte Ferd. Schlingloff mit dem Internationalen Netz der Euromovers, wodurch wie Sie \u00fcberall und jederzeit mit vollster Zufriedenheit umziehen k\u00f6nnen!&#8230;<\/p>","protected":false},"author":1,"featured_media":0,"parent":0,"menu_order":0,"comment_status":"closed","ping_status":"closed","template":"elementor_header_footer","meta":{"footnotes":""},"class_list":["post-87","page","type-page","status-publish","hentry"],"_links":{"self":[{"href":"https:\/\/schlingloff-euromovers.de\/en\/wp-json\/wp\/v2\/pages\/87","targetHints":{"allow":["GET"]}}],"collection":[{"href":"https:\/\/schlingloff-euromovers.de\/en\/wp-json\/wp\/v2\/pages"}],"about":[{"href":"https:\/\/schlingloff-euromovers.de\/en\/wp-json\/wp\/v2\/types\/page"}],"author":[{"embeddable":true,"href":"https:\/\/schlingloff-euromovers.de\/en\/wp-json\/wp\/v2\/users\/1"}],"replies":[{"embeddable":true,"href":"https:\/\/schlingloff-euromovers.de\/en\/wp-json\/wp\/v2\/comments?post=87"}],"version-history":[{"count":5,"href":"https:\/\/schlingloff-euromovers.de\/en\/wp-json\/wp\/v2\/pages\/87\/revisions"}],"predecessor-version":[{"id":12814,"href":"https:\/\/schlingloff-euromovers.de\/en\/wp-json\/wp\/v2\/pages\/87\/revisions\/12814"}],"wp:attachment":[{"href":"https:\/\/schlingloff-euromovers.de\/en\/wp-json\/wp\/v2\/media?parent=87"}],"curies":[{"name":"wp","href":"https:\/\/api.w.org\/{rel}","templated":true}]}}