{"id":12311,"date":"2025-06-20T14:07:03","date_gmt":"2025-06-20T14:07:03","guid":{"rendered":"https:\/\/schlingloff-euromovers.de\/?page_id=12311"},"modified":"2025-06-20T14:10:41","modified_gmt":"2025-06-20T14:10:41","slug":"packaging-material","status":"publish","type":"page","link":"https:\/\/schlingloff-euromovers.de\/en\/verpackungsmaterial\/","title":{"rendered":"Packaging materials"},"content":{"rendered":"<div data-elementor-type=\"wp-page\" data-elementor-id=\"12311\" class=\"elementor elementor-12311\">\n\t\t\t\t<div class=\"no-position  elementor-element elementor-element-2cccf77 e-flex e-con-boxed e-con e-parent\" data-id=\"2cccf77\" data-element_type=\"container\" data-settings=\"{&quot;background_background&quot;:&quot;classic&quot;}\">\n\t\t\t\t\t<div class=\"e-con-inner\">\n\t\t\t\t<div class=\"elementor-element elementor-element-1171538 gsap-move-no rs-tween_max_btn-no elementor-widget elementor-widget-page-title\" data-id=\"1171538\" data-element_type=\"widget\" data-settings=\"{&quot;align&quot;:&quot;center&quot;}\" data-widget_type=\"page-title.default\">\n\t\t\t\t<div class=\"elementor-widget-container\">\n\t\t\t\t\t\t\t\n\t\t<div class=\"hfe-page-title hfe-page-title-wrapper elementor-widget-heading\">\n\t\t\t\n\t\t\t<h1 class=\"elementor-heading-title elementor-size\">\n\t\t\t\tHigh-quality packaging material\t\t\t<\/h1> \n\n\t\t\t\t\t\t\t\t<\/div>\n\t\t\t\t\t\t<\/div>\n\t\t\t\t<\/div>\n\t\t\t\t\t<\/div>\n\t\t\t\t<\/div>\n\t\t<div class=\"no-position  elementor-element elementor-element-e4d442d e-flex e-con-boxed e-con e-parent\" data-id=\"e4d442d\" data-element_type=\"container\">\n\t\t\t\t\t<div class=\"e-con-inner\">\n\t\t<div class=\"no-position  elementor-element elementor-element-83f125b e-con-full e-flex e-con e-child\" data-id=\"83f125b\" data-element_type=\"container\">\n\t\t\t\t<div class=\"elementor-element elementor-element-c59919f gsap-move-no rs-tween_max_btn-no elementor-widget elementor-widget-text-editor\" data-id=\"c59919f\" data-element_type=\"widget\" data-widget_type=\"text-editor.default\">\n\t\t\t\t\t\t\t\t\t<p>We offer high-quality packing materials for every move.<\/p><p>The lease is signed, the anticipation is high: the new apartment is waiting. The move is about to begin. Whether it's a company relocation or a private move: now it's time to pack! But beware! Those who are careless and grab the first available box to stow their belongings often regret it later when faced with scratches and other damage.<\/p><p>As a professional moving company, we know that customers shouldn't compromise when it comes to a successful and smooth move. We want to ensure that all your belongings are still in perfect condition after your move.<\/p>\t\t\t\t\t\t\t\t<\/div>\n\t\t\t\t<div class=\"elementor-element elementor-element-883c287 gsap-move-no rs-tween_max_btn-no elementor-widget elementor-widget-heading\" data-id=\"883c287\" data-element_type=\"widget\" data-widget_type=\"heading.default\">\n\t\t\t\t\t<h2 class=\"elementor-heading-title elementor-size-default\">Art transport, piano transport and more \u2013 we stand for reliable transport using high-quality packaging materials.<\/h2>\t\t\t\t<\/div>\n\t\t\t\t<div class=\"elementor-element elementor-element-20f265d gsap-move-no rs-tween_max_btn-no elementor-widget elementor-widget-text-editor\" data-id=\"20f265d\" data-element_type=\"widget\" data-widget_type=\"text-editor.default\">\n\t\t\t\t\t\t\t\t\t<p>Whether the items to be transported are of high financial or emotional value, we ensure that your belongings arrive safely from A to B. Since our founding in 1907, we have stood for a high level of competence and expertise, making us your perfect partner for organizing moves of any size.<\/p><p>Naturally, there are virtually no limitations regarding the items to be transported. We transport books just as professionally as larger items such as pianos, works of art, or other everyday objects. Furthermore, we understand that no move can ever follow standardized procedures. Moving a piano requires different preparations than transporting art. Moving furniture also presents many individuals with significant challenges. We tailor our services to your specific needs!<\/p><p>Given that we have been organizing and executing not only national but also international removals for decades, our company naturally focuses on more than just traditional furniture transport. Rather, we act as the first point of contact when it comes to moving in a customized and comfortable way.<\/p>\t\t\t\t\t\t\t\t<\/div>\n\t\t\t\t<\/div>\n\t\t<div class=\"no-position  elementor-element elementor-element-36bccaa e-con-full e-flex e-con e-child\" data-id=\"36bccaa\" data-element_type=\"container\">\n\t\t\t\t<div class=\"elementor-element elementor-element-eb7df83 elementor-widget elementor-widget-rs-image\" data-id=\"eb7df83\" data-element_type=\"widget\" data-widget_type=\"rs-image.default\">\n\t\t\t\t<div class=\"elementor-widget-container\">\n\t\t\t\t\t\n        <div class=\"rs-image no ruler_image_no ruler_position_\">\n                                                            <img decoding=\"async\" class=\"rs-multi-image  reverse- blend_unset\" src=\"https:\/\/schlingloff-euromovers.de\/wp-content\/uploads\/2025\/03\/Ferd.-Schlingloff-Euromovers-Umzugsunternehmen-und-Umzugsfirma-personliche-Beratung-fur-Wiesbaden-Mainz-Frankfurt-Eltville-Rheingau-und-Umgebung.jpg\" alt=\"Ferd.-Schlingloff-Euromovers-moving-company-and-moving-firm-personal-consulting-for-Wiesbaden-Mainz-Frankfurt-Eltville-Rheingau-and-surroundings\"\/>\n                                                                        <\/div>   \n          \n    \t\t\t\t<\/div>\n\t\t\t\t<\/div>\n\t\t\t\t<div class=\"elementor-element elementor-element-4a75272 gsap-move-no rs-tween_max_btn-no elementor-widget elementor-widget-text-editor\" data-id=\"4a75272\" data-element_type=\"widget\" data-widget_type=\"text-editor.default\">\n\t\t\t\t\t\t\t\t\t<div class=\"vc_row wpb_row vc_row-fluid\"><div class=\"wpb_column vc_column_container vc_col-sm-4\"><div class=\"vc_column-inner\"><div class=\"wpb_wrapper\"><p class=\"vc_custom_heading\">Your personal relocation consultation<\/p><\/div><\/div><\/div><\/div>\t\t\t\t\t\t\t\t<\/div>\n\t\t\t\t<div class=\"elementor-element elementor-element-427357c gsap-move-no rs-tween_max_btn-no elementor-widget elementor-widget-rs-button\" data-id=\"427357c\" data-element_type=\"widget\" data-widget_type=\"rs-button.default\">\n\t\t\t\t<div class=\"elementor-widget-container\">\n\t\t\t\t\t\t\t<div class=\"rs-button style3 unique-61238\">\r\n\r\n\t\t\t\r\n\t\t\t\t\t\t\t<a class=\"rs-btn icon-sty-no\" href=\"mailto:info@schlingloff-euromovers.de\" >\r\n\t\t\t\t\t\t\t\t\t\t<span class=\"rs-btn-text\">Contact us via email<\/span>\r\n\t\t\t\t<\/a>\r\n\t\t\t\t\t\t<\/div>\r\n\t\t\t\t\t<\/div>\n\t\t\t\t<\/div>\n\t\t\t\t<div class=\"elementor-element elementor-element-df2103a gsap-move-no rs-tween_max_btn-no elementor-widget elementor-widget-rs-button\" data-id=\"df2103a\" data-element_type=\"widget\" data-widget_type=\"rs-button.default\">\n\t\t\t\t<div class=\"elementor-widget-container\">\n\t\t\t\t\t\t\t<div class=\"rs-button style3 unique-43257\">\r\n\r\n\t\t\t\r\n\t\t\t\t\t\t\t<a class=\"rs-btn icon-sty-no\" href=\"tel:+496123503190\" >\r\n\t\t\t\t\t\t\t\t\t\t<span class=\"rs-btn-text\">Hotline: +49-6123-50319-0<\/span>\r\n\t\t\t\t<\/a>\r\n\t\t\t\t\t\t<\/div>\r\n\t\t\t\t\t<\/div>\n\t\t\t\t<\/div>\n\t\t\t\t<\/div>\n\t\t\t\t\t<\/div>\n\t\t\t\t<\/div>\n\t\t<div class=\"no-position  elementor-element elementor-element-84ac320 e-flex e-con-boxed e-con e-parent\" data-id=\"84ac320\" data-element_type=\"container\" data-settings=\"{&quot;background_background&quot;:&quot;classic&quot;}\">\n\t\t\t\t\t<div class=\"e-con-inner\">\n\t\t<div class=\"no-position  elementor-element elementor-element-627ab29 e-con-full e-flex e-con e-child\" data-id=\"627ab29\" data-element_type=\"container\" data-settings=\"{&quot;background_background&quot;:&quot;classic&quot;}\">\n\t\t\t\t<div class=\"elementor-element elementor-element-d456f26 elementor-widget__width-initial elementor-widget-mobile__width-inherit gsap-move-no rs-tween_max_btn-no elementor-widget elementor-widget-rs-heading\" data-id=\"d456f26\" data-element_type=\"widget\" data-widget_type=\"rs-heading.default\">\n\t\t\t\t<div class=\"elementor-widget-container\">\n\t\t\t\t\t\n\t\t<div class=\"prelements-heading style1    animate-\">\n\t\t\t<div class=\"title-inner\">\n\t\t\t\t<h2 class=\"title rs-split-text-enable split-in-left\">Get a quote for your move now<\/h2>\n\t\t\t<\/div>\n\t\t\t\t\t\t\t<div class=\"description\">\n\t\t\t\t\t<p>Let yourself be surprised by low prices and top conditions!<\/p>\t\t\t\t<\/div>\n\t\t\t\t\t<\/div>\n\t\t\t\t<\/div>\n\t\t\t\t<\/div>\n\t\t\t\t<div class=\"elementor-element elementor-element-cbed40f elementor-widget-mobile__width-inherit gsap-move-no rs-tween_max_btn-no elementor-widget elementor-widget-rs-button\" data-id=\"cbed40f\" data-element_type=\"widget\" data-widget_type=\"rs-button.default\">\n\t\t\t\t<div class=\"elementor-widget-container\">\n\t\t\t\t\t\t\t<div class=\"rs-button style6 unique-45499\">\r\n\r\n\t\t\t\r\n\t\t\t\t\t\t\t<a class=\"rs-btn\" href=\"https:\/\/schlingloff-euromovers.de\/en\/contact\/\" >\r\n\t\t\t\t\t\t\t\t\t\t\t<em class=\"first-em\">\r\n\t\t\t\t\t\t\t<svg xmlns=\"http:\/\/www.w3.org\/2000\/svg\" width=\"16\" height=\"16\" viewbox=\"0 0 16 16\" fill=\"none\"><path d=\"M1 8H15\" stroke=\"#1BBBFF\" stroke-width=\"2\" stroke-linecap=\"round\" stroke-linejoin=\"round\"><\/path><path d=\"M8 1.58337L15 8.00004L8 14.4167\" stroke=\"#1BBBFF\" stroke-width=\"2\" stroke-linecap=\"round\" stroke-linejoin=\"round\"><\/path><\/svg>\t\t\t\t\t\t<\/em>\t\r\n\t\t\t\t\t\t\t\t\t\t<span class=\"\">Enquire now!<\/span>\r\n\t\t\t\t\t\t\t\t\t\t\t<em>\r\n\t\t\t\t\t\t\t<svg xmlns=\"http:\/\/www.w3.org\/2000\/svg\" width=\"16\" height=\"16\" viewbox=\"0 0 16 16\" fill=\"none\"><path d=\"M1 8H15\" stroke=\"#1BBBFF\" stroke-width=\"2\" stroke-linecap=\"round\" stroke-linejoin=\"round\"><\/path><path d=\"M8 1.58337L15 8.00004L8 14.4167\" stroke=\"#1BBBFF\" stroke-width=\"2\" stroke-linecap=\"round\" stroke-linejoin=\"round\"><\/path><\/svg>\t\t\t\t\t\t<\/em>\t\r\n\t\t\t\t\t\t\t\t\t<\/a>\r\n\t\t\t\t\t<\/div>\r\n\t\t\t\t\t<\/div>\n\t\t\t\t<\/div>\n\t\t\t\t<div class=\"elementor-element elementor-element-cd2093a elementor-widget__width-inherit gsap-move-no rs-tween_max_btn-no elementor-widget elementor-widget-rs-divider\" data-id=\"cd2093a\" data-element_type=\"widget\" data-widget_type=\"rs-divider.default\">\n\t\t\t\t<div class=\"elementor-widget-container\">\n\t\t\t\t\t\n\t\t<div class=\"rs-divider\"> <\/div>\n\n\t\t\t\t\t<\/div>\n\t\t\t\t<\/div>\n\t\t\t\t<\/div>\n\t\t\t\t\t<\/div>\n\t\t\t\t<\/div>\n\t\t<div class=\"no-position  elementor-element elementor-element-729b0a5 e-flex e-con-boxed e-con e-parent\" data-id=\"729b0a5\" data-element_type=\"container\">\n\t\t\t\t\t<div class=\"e-con-inner\">\n\t\t<div class=\"no-position  elementor-element elementor-element-959b001 e-con-full e-flex e-con e-child\" data-id=\"959b001\" data-element_type=\"container\">\n\t\t\t\t<div class=\"elementor-element elementor-element-d4e0446 gsap-move-no rs-tween_max_btn-no elementor-widget elementor-widget-heading\" data-id=\"d4e0446\" data-element_type=\"widget\" data-widget_type=\"heading.default\">\n\t\t\t\t\t<h3 class=\"elementor-heading-title elementor-size-default\">The right packaging materials for every item and every piece of furniture<\/h3>\t\t\t\t<\/div>\n\t\t\t\t<div class=\"elementor-element elementor-element-28d4ccd gsap-move-no rs-tween_max_btn-no elementor-widget elementor-widget-text-editor\" data-id=\"28d4ccd\" data-element_type=\"widget\" data-widget_type=\"text-editor.default\">\n\t\t\t\t\t\t\t\t\t<p>Over the years, our range of professional moving services has continuously expanded. Whether\u00a0<a href=\"https:\/\/schlingloff-euromovers.de\/en\/senior-citizen-removals\/\">Senior citizen relocation<\/a>,\u00a0<a href=\"https:\/\/schlingloff-euromovers.de\/en\/company-relocation\/\">Company relocation<\/a>\u00a0or\u00a0<a href=\"https:\/\/schlingloff-euromovers.de\/en\/international-removals\/\">international<\/a>\u00a0Transportation: with us you have found a company that caters to your individual needs, plans flexibly and meticulously adheres to deadlines.<\/p><p>Our services include not only customized packaging materials, but also expert advice, maximum transparency and a convincing price-performance ratio.<br \/>Furthermore, we are also your ideal contact partner when it comes to the\u00a0<a href=\"https:\/\/schlingloff-euromovers.de\/en\/self-storage\/\">Container storage<\/a>\u00a0or general questions about furniture transport. In short: if you're looking for a complete, worry-free package for your upcoming move, you've come to the right place! We look forward to hearing from you and thank you in advance for the trust you place in us and our company.<\/p>\t\t\t\t\t\t\t\t<\/div>\n\t\t\t\t<div class=\"elementor-element elementor-element-d5a82ce gsap-move-no rs-tween_max_btn-no elementor-widget elementor-widget-heading\" data-id=\"d5a82ce\" data-element_type=\"widget\" data-widget_type=\"heading.default\">\n\t\t\t\t\t<h3 class=\"elementor-heading-title elementor-size-default\">Moving with Ferd. Schlingloff: Fast, safe &amp; affordable<\/h3>\t\t\t\t<\/div>\n\t\t\t\t<\/div>\n\t\t<div class=\"no-position  elementor-element elementor-element-76f5b7e e-con-full e-flex e-con e-child\" data-id=\"76f5b7e\" data-element_type=\"container\">\n\t\t\t\t<div class=\"elementor-element elementor-element-6dd8269 elementor-hidden-desktop elementor-hidden-laptop elementor-hidden-tablet elementor-hidden-mobile gsap-move-no rs-tween_max_btn-no elementor-widget elementor-widget-image\" data-id=\"6dd8269\" data-element_type=\"widget\" data-widget_type=\"image.default\">\n\t\t\t\t\t\t\t\t\t\t\t\t\t\t\t<img fetchpriority=\"high\" decoding=\"async\" width=\"500\" height=\"334\" src=\"https:\/\/schlingloff-euromovers.de\/wp-content\/uploads\/2025\/03\/umzugsqualitaet.jpg\" class=\"attachment-large size-large wp-image-10976\" alt=\"\" srcset=\"https:\/\/schlingloff-euromovers.de\/wp-content\/uploads\/2025\/03\/umzugsqualitaet.jpg 500w, https:\/\/schlingloff-euromovers.de\/wp-content\/uploads\/2025\/03\/umzugsqualitaet-400x267.jpg 400w, https:\/\/schlingloff-euromovers.de\/wp-content\/uploads\/2025\/03\/umzugsqualitaet-300x200.jpg 300w\" sizes=\"(max-width: 500px) 100vw, 500px\" \/>\t\t\t\t\t\t\t\t\t\t\t\t\t\t\t<\/div>\n\t\t\t\t<div class=\"elementor-element elementor-element-535c774 elementor-hidden-desktop elementor-hidden-laptop elementor-hidden-tablet elementor-hidden-mobile gsap-move-no rs-tween_max_btn-no elementor-widget elementor-widget-image\" data-id=\"535c774\" data-element_type=\"widget\" data-widget_type=\"image.default\">\n\t\t\t\t\t\t\t\t\t\t\t\t\t\t\t<img decoding=\"async\" width=\"640\" height=\"195\" src=\"https:\/\/schlingloff-euromovers.de\/wp-content\/uploads\/2025\/03\/helvetia-logo_weis.jpg\" class=\"attachment-large size-large wp-image-10974\" alt=\"\" srcset=\"https:\/\/schlingloff-euromovers.de\/wp-content\/uploads\/2025\/03\/helvetia-logo_weis.jpg 924w, https:\/\/schlingloff-euromovers.de\/wp-content\/uploads\/2025\/03\/helvetia-logo_weis-400x122.jpg 400w, https:\/\/schlingloff-euromovers.de\/wp-content\/uploads\/2025\/03\/helvetia-logo_weis-300x91.jpg 300w, https:\/\/schlingloff-euromovers.de\/wp-content\/uploads\/2025\/03\/helvetia-logo_weis-768x234.jpg 768w\" sizes=\"(max-width: 640px) 100vw, 640px\" \/>\t\t\t\t\t\t\t\t\t\t\t\t\t\t\t<\/div>\n\t\t\t\t<div class=\"elementor-element elementor-element-6230292 gsap-move-no rs-tween_max_btn-no elementor-widget elementor-widget-image\" data-id=\"6230292\" data-element_type=\"widget\" data-widget_type=\"image.default\">\n\t\t\t\t\t\t\t\t\t\t\t\t\t\t\t<img decoding=\"async\" width=\"500\" height=\"334\" src=\"https:\/\/schlingloff-euromovers.de\/wp-content\/uploads\/2025\/03\/iam.jpg\" class=\"attachment-large size-large wp-image-10975\" alt=\"\" srcset=\"https:\/\/schlingloff-euromovers.de\/wp-content\/uploads\/2025\/03\/iam.jpg 500w, https:\/\/schlingloff-euromovers.de\/wp-content\/uploads\/2025\/03\/iam-400x267.jpg 400w, https:\/\/schlingloff-euromovers.de\/wp-content\/uploads\/2025\/03\/iam-300x200.jpg 300w\" sizes=\"(max-width: 500px) 100vw, 500px\" \/>\t\t\t\t\t\t\t\t\t\t\t\t\t\t\t<\/div>\n\t\t\t\t<\/div>\n\t\t\t\t\t<\/div>\n\t\t\t\t<\/div>\n\t\t<div class=\"no-position  elementor-element elementor-element-8690d1c e-flex e-con-boxed e-con e-child\" data-id=\"8690d1c\" data-element_type=\"container\">\n\t\t\t\t\t<div class=\"e-con-inner\">\n\t\t\t\t<div class=\"elementor-element elementor-element-7c36959 elementor-widget__width-initial elementor-widget-mobile__width-inherit gsap-move-no rs-tween_max_btn-no elementor-widget elementor-widget-rs-heading\" data-id=\"7c36959\" data-element_type=\"widget\" data-widget_type=\"rs-heading.default\">\n\t\t\t\t<div class=\"elementor-widget-container\">\n\t\t\t\t\t\n\t\t<div class=\"prelements-heading style1    animate-\">\n\t\t\t<div class=\"title-inner\">\n\t\t\t\t<h2 class=\"title rs-split-text-enable split-in-left\">MOVING CHECKLIST \u2013 For your perfect moving preparation!<\/h2>\n\t\t\t<\/div>\n\t\t\t\t\t<\/div>\n\t\t\t\t<\/div>\n\t\t\t\t<\/div>\n\t\t\t\t<div class=\"elementor-element elementor-element-4d68616 elementor-widget-mobile__width-inherit gsap-move-no rs-tween_max_btn-no elementor-widget elementor-widget-rs-button\" data-id=\"4d68616\" data-element_type=\"widget\" data-widget_type=\"rs-button.default\">\n\t\t\t\t<div class=\"elementor-widget-container\">\n\t\t\t\t\t\t\t<div class=\"rs-button style6 unique-56373\">\r\n\r\n\t\t\t\r\n\t\t\t\t\t\t\t<a class=\"rs-btn\" href=\"https:\/\/schlingloff-euromovers.de\/wp-content\/uploads\/2018\/01\/Umzug-Checkliste-Ferd.-Schlingloff-Euromovers-Umzugsunternehmen-Wiesbaden-Mainz-Frankfurt-Umgebung.docx.pdf\" target=\"_blank\">\r\n\t\t\t\t\t\t\t\t\t\t\t<em class=\"first-em\">\r\n\t\t\t\t\t\t\t<svg xmlns=\"http:\/\/www.w3.org\/2000\/svg\" width=\"16\" height=\"16\" viewbox=\"0 0 16 16\" fill=\"none\"><path d=\"M1 8H15\" stroke=\"#1BBBFF\" stroke-width=\"2\" stroke-linecap=\"round\" stroke-linejoin=\"round\"><\/path><path d=\"M8 1.58337L15 8.00004L8 14.4167\" stroke=\"#1BBBFF\" stroke-width=\"2\" stroke-linecap=\"round\" stroke-linejoin=\"round\"><\/path><\/svg>\t\t\t\t\t\t<\/em>\t\r\n\t\t\t\t\t\t\t\t\t\t<span class=\"\">DOWNLOAD<\/span>\r\n\t\t\t\t\t\t\t\t\t\t\t<em>\r\n\t\t\t\t\t\t\t<svg xmlns=\"http:\/\/www.w3.org\/2000\/svg\" width=\"16\" height=\"16\" viewbox=\"0 0 16 16\" fill=\"none\"><path d=\"M1 8H15\" stroke=\"#1BBBFF\" stroke-width=\"2\" stroke-linecap=\"round\" stroke-linejoin=\"round\"><\/path><path d=\"M8 1.58337L15 8.00004L8 14.4167\" stroke=\"#1BBBFF\" stroke-width=\"2\" stroke-linecap=\"round\" stroke-linejoin=\"round\"><\/path><\/svg>\t\t\t\t\t\t<\/em>\t\r\n\t\t\t\t\t\t\t\t\t<\/a>\r\n\t\t\t\t\t<\/div>\r\n\t\t\t\t\t<\/div>\n\t\t\t\t<\/div>\n\t\t\t\t<div class=\"elementor-element elementor-element-31f7640 elementor-widget__width-inherit gsap-move-no rs-tween_max_btn-no elementor-widget elementor-widget-rs-divider\" data-id=\"31f7640\" data-element_type=\"widget\" data-widget_type=\"rs-divider.default\">\n\t\t\t\t<div class=\"elementor-widget-container\">\n\t\t\t\t\t\n\t\t<div class=\"rs-divider\"> <\/div>\n\n\t\t\t\t\t<\/div>\n\t\t\t\t<\/div>\n\t\t\t\t\t<\/div>\n\t\t\t\t<\/div>\n\t\t<div class=\"no-position  elementor-element elementor-element-09a55e1 e-flex e-con-boxed e-con e-parent\" data-id=\"09a55e1\" data-element_type=\"container\" data-settings=\"{&quot;background_background&quot;:&quot;classic&quot;}\">\n\t\t\t\t\t<div class=\"e-con-inner\">\n\t\t<div class=\"no-position  elementor-element elementor-element-5f758a0 e-con-full e-flex e-con e-child\" data-id=\"5f758a0\" data-element_type=\"container\" data-settings=\"{&quot;background_background&quot;:&quot;classic&quot;}\">\n\t\t\t\t<div class=\"elementor-element elementor-element-90076fe gsap-move-no rs-tween_max_btn-no elementor-widget elementor-widget-heading\" data-id=\"90076fe\" data-element_type=\"widget\" data-widget_type=\"heading.default\">\n\t\t\t\t\t<h5 class=\"elementor-heading-title elementor-size-default\">Moving with Ferd. Schlingloff: Fast, safe &amp; affordable<\/h5>\t\t\t\t<\/div>\n\t\t\t\t<div class=\"elementor-element elementor-element-9d0e6d9 gsap-move-no rs-tween_max_btn-no elementor-widget elementor-widget-rs-heading\" data-id=\"9d0e6d9\" data-element_type=\"widget\" data-widget_type=\"rs-heading.default\">\n\t\t\t\t<div class=\"elementor-widget-container\">\n\t\t\t\t\t\n\t\t<div class=\"prelements-heading default    animate-\">\n\t\t\t<div class=\"title-inner\">\n\t\t\t\t<h5 class=\"title rs-split-text-disable\">The moving company with a tradition since 1907...<\/h5>\n\t\t\t<\/div>\n\t\t\t\t\t\t\t<div class=\"description\">\n\t\t\t\t\t<p>We at Ferd. Schlingloff Euromovers have stood for exceptionally relaxed and safe removals for over a century \u2013 national and international \u2013 including personal consultation at surprisingly affordable prices!<\/p>\t\t\t\t<\/div>\n\t\t\t\t\t<\/div>\n\t\t\t\t<\/div>\n\t\t\t\t<\/div>\n\t\t\t\t<\/div>\n\t\t\t\t\t<\/div>\n\t\t\t\t<\/div>\n\t\t<div class=\"no-position  elementor-element elementor-element-20e2eba e-flex e-con-boxed e-con e-parent\" data-id=\"20e2eba\" data-element_type=\"container\" data-settings=\"{&quot;background_background&quot;:&quot;classic&quot;}\">\n\t\t\t\t\t<div class=\"e-con-inner\">\n\t\t<div class=\"no-position  elementor-element elementor-element-b99de5e e-con-full e-flex e-con e-child\" data-id=\"b99de5e\" data-element_type=\"container\">\n\t\t\t\t<div class=\"elementor-element elementor-element-5dbcfb8 elementor-widget__width-initial elementor-widget-mobile__width-inherit gsap-move-no rs-tween_max_btn-no elementor-widget elementor-widget-rs-heading\" data-id=\"5dbcfb8\" data-element_type=\"widget\" data-widget_type=\"rs-heading.default\">\n\t\t\t\t<div class=\"elementor-widget-container\">\n\t\t\t\t\t\n\t\t<div class=\"prelements-heading style1    animate-\">\n\t\t\t<div class=\"title-inner\">\n\t\t\t\t<h2 class=\"title rs-split-text-enable split-in-left\">Request a free, customized quote now!<\/h2>\n\t\t\t<\/div>\n\t\t\t\t\t<\/div>\n\t\t\t\t<\/div>\n\t\t\t\t<\/div>\n\t\t\t\t<div class=\"elementor-element elementor-element-1ddfe3f elementor-widget-mobile__width-inherit gsap-move-no rs-tween_max_btn-no elementor-widget elementor-widget-rs-button\" data-id=\"1ddfe3f\" data-element_type=\"widget\" data-widget_type=\"rs-button.default\">\n\t\t\t\t<div class=\"elementor-widget-container\">\n\t\t\t\t\t\t\t<div class=\"rs-button style6 unique-53150\">\r\n\r\n\t\t\t\r\n\t\t\t\t\t\t\t<a class=\"rs-btn\" href=\"https:\/\/schlingloff-euromovers.de\/en\/contact\/\" >\r\n\t\t\t\t\t\t\t\t\t\t\t<em class=\"first-em\">\r\n\t\t\t\t\t\t\t<svg xmlns=\"http:\/\/www.w3.org\/2000\/svg\" width=\"16\" height=\"16\" viewbox=\"0 0 16 16\" fill=\"none\"><path d=\"M1 8H15\" stroke=\"#1BBBFF\" stroke-width=\"2\" stroke-linecap=\"round\" stroke-linejoin=\"round\"><\/path><path d=\"M8 1.58337L15 8.00004L8 14.4167\" stroke=\"#1BBBFF\" stroke-width=\"2\" stroke-linecap=\"round\" stroke-linejoin=\"round\"><\/path><\/svg>\t\t\t\t\t\t<\/em>\t\r\n\t\t\t\t\t\t\t\t\t\t<span class=\"\">Enquire now!<\/span>\r\n\t\t\t\t\t\t\t\t\t\t\t<em>\r\n\t\t\t\t\t\t\t<svg xmlns=\"http:\/\/www.w3.org\/2000\/svg\" width=\"16\" height=\"16\" viewbox=\"0 0 16 16\" fill=\"none\"><path d=\"M1 8H15\" stroke=\"#1BBBFF\" stroke-width=\"2\" stroke-linecap=\"round\" stroke-linejoin=\"round\"><\/path><path d=\"M8 1.58337L15 8.00004L8 14.4167\" stroke=\"#1BBBFF\" stroke-width=\"2\" stroke-linecap=\"round\" stroke-linejoin=\"round\"><\/path><\/svg>\t\t\t\t\t\t<\/em>\t\r\n\t\t\t\t\t\t\t\t\t<\/a>\r\n\t\t\t\t\t<\/div>\r\n\t\t\t\t\t<\/div>\n\t\t\t\t<\/div>\n\t\t\t\t<div class=\"elementor-element elementor-element-a8af61d elementor-widget__width-inherit gsap-move-no rs-tween_max_btn-no elementor-widget elementor-widget-rs-divider\" data-id=\"a8af61d\" data-element_type=\"widget\" data-widget_type=\"rs-divider.default\">\n\t\t\t\t<div class=\"elementor-widget-container\">\n\t\t\t\t\t\n\t\t<div class=\"rs-divider\"> <\/div>\n\n\t\t\t\t\t<\/div>\n\t\t\t\t<\/div>\n\t\t\t\t<\/div>\n\t\t\t\t\t<\/div>\n\t\t\t\t<\/div>\n\t\t\t\t<\/div>","protected":false},"excerpt":{"rendered":"<p>Hochwertiges Verpackungsmaterial Wir bieten hochwertiges Verpackungsmaterial f\u00fcr jeden Umzug. Der Mietvertrag ist unterschrieben, die Vorfreude gro\u00df: die neue Wohnung wartet schon. Der Umzug steht an. Egal, ob Firmenumzug oder Umzug aus dem privaten Bereich: jetzt hei\u00dft es \u2013 packen! Doch Vorsicht! Wer hier unvorsichtig agiert, zur n\u00e4chstbesten Box greift, um darin sein Hab und Gut&#8230;<\/p>","protected":false},"author":1,"featured_media":0,"parent":0,"menu_order":0,"comment_status":"closed","ping_status":"closed","template":"elementor_header_footer","meta":{"footnotes":""},"class_list":["post-12311","page","type-page","status-publish","hentry"],"_links":{"self":[{"href":"https:\/\/schlingloff-euromovers.de\/en\/wp-json\/wp\/v2\/pages\/12311","targetHints":{"allow":["GET"]}}],"collection":[{"href":"https:\/\/schlingloff-euromovers.de\/en\/wp-json\/wp\/v2\/pages"}],"about":[{"href":"https:\/\/schlingloff-euromovers.de\/en\/wp-json\/wp\/v2\/types\/page"}],"author":[{"embeddable":true,"href":"https:\/\/schlingloff-euromovers.de\/en\/wp-json\/wp\/v2\/users\/1"}],"replies":[{"embeddable":true,"href":"https:\/\/schlingloff-euromovers.de\/en\/wp-json\/wp\/v2\/comments?post=12311"}],"version-history":[{"count":0,"href":"https:\/\/schlingloff-euromovers.de\/en\/wp-json\/wp\/v2\/pages\/12311\/revisions"}],"wp:attachment":[{"href":"https:\/\/schlingloff-euromovers.de\/en\/wp-json\/wp\/v2\/media?parent=12311"}],"curies":[{"name":"wp","href":"https:\/\/api.w.org\/{rel}","templated":true}]}}