{"id":11237,"date":"2025-03-27T11:45:41","date_gmt":"2025-03-27T11:45:41","guid":{"rendered":"https:\/\/schlingloff-euromovers.de\/?page_id=11237"},"modified":"2025-03-27T12:45:10","modified_gmt":"2025-03-27T12:45:10","slug":"7-tips-to-make-moving-easier","status":"publish","type":"page","link":"https:\/\/schlingloff-euromovers.de\/en\/7-tipps-die-einen-umzug-erleichtern\/","title":{"rendered":"7 tips to make moving easier"},"content":{"rendered":"<div data-elementor-type=\"wp-page\" data-elementor-id=\"11237\" class=\"elementor elementor-11237\">\n\t\t\t\t<div class=\"no-position  elementor-element elementor-element-2cccf77 e-flex e-con-boxed e-con e-parent\" data-id=\"2cccf77\" data-element_type=\"container\" data-settings=\"{&quot;background_background&quot;:&quot;classic&quot;}\">\n\t\t\t\t\t<div class=\"e-con-inner\">\n\t\t\t\t<div class=\"elementor-element elementor-element-1171538 gsap-move-no rs-tween_max_btn-no elementor-widget elementor-widget-page-title\" data-id=\"1171538\" data-element_type=\"widget\" data-settings=\"{&quot;align&quot;:&quot;center&quot;}\" data-widget_type=\"page-title.default\">\n\t\t\t\t<div class=\"elementor-widget-container\">\n\t\t\t\t\t\t\t\n\t\t<div class=\"hfe-page-title hfe-page-title-wrapper elementor-widget-heading\">\n\t\t\t\n\t\t\t<h1 class=\"elementor-heading-title elementor-size\">\n\t\t\t\t7 tips to make moving easier\t\t\t<\/h1> \n\n\t\t\t\t\t\t\t\t<\/div>\n\t\t\t\t\t\t<\/div>\n\t\t\t\t<\/div>\n\t\t\t\t\t<\/div>\n\t\t\t\t<\/div>\n\t\t<div class=\"no-position  elementor-element elementor-element-e4d442d e-flex e-con-boxed e-con e-parent\" data-id=\"e4d442d\" data-element_type=\"container\">\n\t\t\t\t\t<div class=\"e-con-inner\">\n\t\t<div class=\"no-position  elementor-element elementor-element-83f125b e-con-full e-flex e-con e-child\" data-id=\"83f125b\" data-element_type=\"container\">\n\t\t\t\t<div class=\"elementor-element elementor-element-c59919f gsap-move-no rs-tween_max_btn-no elementor-widget elementor-widget-text-editor\" data-id=\"c59919f\" data-element_type=\"widget\" data-widget_type=\"text-editor.default\">\n\t\t\t\t\t\t\t\t\t<p><em>When moving to a new home, there are quite a few pitfalls to avoid. The following text will show you how to perfectly organize your move. It summarizes seven simple points to help you make your move as efficient as possible.<\/em><\/p>\t\t\t\t\t\t\t\t<\/div>\n\t\t\t\t<div class=\"elementor-element elementor-element-883c287 gsap-move-no rs-tween_max_btn-no elementor-widget elementor-widget-heading\" data-id=\"883c287\" data-element_type=\"widget\" data-widget_type=\"heading.default\">\n\t\t\t\t\t<h2 class=\"elementor-heading-title elementor-size-default\">1. Mobilize sufficient help in good time!<\/h2>\t\t\t\t<\/div>\n\t\t\t\t<div class=\"elementor-element elementor-element-20f265d gsap-move-no rs-tween_max_btn-no elementor-widget elementor-widget-text-editor\" data-id=\"20f265d\" data-element_type=\"widget\" data-widget_type=\"text-editor.default\">\n\t\t\t\t\t\t\t\t\t<p>Moving to a new home usually means a lot of work. Understandably, the necessary tasks often exceed the capabilities of one person. Therefore, it's especially important to enlist helpers for the move. Contact these people well in advance, ideally as soon as you know for sure that you'll be moving. This is important because it allows you to ensure early on that enough people will be helping. Another advantage of early planning is, of course, flexibility. If one or more people cancel beforehand, there's usually still enough time to find replacements.<\/p>\t\t\t\t\t\t\t\t<\/div>\n\t\t\t\t<\/div>\n\t\t<div class=\"no-position  elementor-element elementor-element-36bccaa e-con-full e-flex e-con e-child\" data-id=\"36bccaa\" data-element_type=\"container\">\n\t\t\t\t<div class=\"elementor-element elementor-element-eb7df83 elementor-widget elementor-widget-rs-image\" data-id=\"eb7df83\" data-element_type=\"widget\" data-widget_type=\"rs-image.default\">\n\t\t\t\t<div class=\"elementor-widget-container\">\n\t\t\t\t\t\n        <div class=\"rs-image no ruler_image_no ruler_position_\">\n                                                            <img decoding=\"async\" class=\"rs-multi-image  reverse- blend_unset\" src=\"https:\/\/schlingloff-euromovers.de\/wp-content\/uploads\/2025\/03\/Ferd.-Schlingloff-Euromovers-Umzugsunternehmen-und-Umzugsfirma-personliche-Beratung-fur-Wiesbaden-Mainz-Frankfurt-Eltville-Rheingau-und-Umgebung.jpg\" alt=\"Ferd.-Schlingloff-Euromovers-moving-company-and-moving-firm-personal-consulting-for-Wiesbaden-Mainz-Frankfurt-Eltville-Rheingau-and-surroundings\"\/>\n                                                                        <\/div>   \n          \n    \t\t\t\t<\/div>\n\t\t\t\t<\/div>\n\t\t\t\t<div class=\"elementor-element elementor-element-4a75272 gsap-move-no rs-tween_max_btn-no elementor-widget elementor-widget-text-editor\" data-id=\"4a75272\" data-element_type=\"widget\" data-widget_type=\"text-editor.default\">\n\t\t\t\t\t\t\t\t\t<div class=\"vc_row wpb_row vc_row-fluid\"><div class=\"wpb_column vc_column_container vc_col-sm-4\"><div class=\"vc_column-inner\"><div class=\"wpb_wrapper\"><p class=\"vc_custom_heading\">Your personal relocation consultation<\/p><\/div><\/div><\/div><\/div>\t\t\t\t\t\t\t\t<\/div>\n\t\t\t\t<div class=\"elementor-element elementor-element-427357c gsap-move-no rs-tween_max_btn-no elementor-widget elementor-widget-rs-button\" data-id=\"427357c\" data-element_type=\"widget\" data-widget_type=\"rs-button.default\">\n\t\t\t\t<div class=\"elementor-widget-container\">\n\t\t\t\t\t\t\t<div class=\"rs-button style3 unique-42059\">\r\n\r\n\t\t\t\r\n\t\t\t\t\t\t\t<a class=\"rs-btn icon-sty-no\" href=\"mailto:info@schlingloff-euromovers.de\" >\r\n\t\t\t\t\t\t\t\t\t\t<span class=\"rs-btn-text\">Contact us via email<\/span>\r\n\t\t\t\t<\/a>\r\n\t\t\t\t\t\t<\/div>\r\n\t\t\t\t\t<\/div>\n\t\t\t\t<\/div>\n\t\t\t\t<div class=\"elementor-element elementor-element-df2103a gsap-move-no rs-tween_max_btn-no elementor-widget elementor-widget-rs-button\" data-id=\"df2103a\" data-element_type=\"widget\" data-widget_type=\"rs-button.default\">\n\t\t\t\t<div class=\"elementor-widget-container\">\n\t\t\t\t\t\t\t<div class=\"rs-button style3 unique-59047\">\r\n\r\n\t\t\t\r\n\t\t\t\t\t\t\t<a class=\"rs-btn icon-sty-no\" href=\"tel:+496123503190\" >\r\n\t\t\t\t\t\t\t\t\t\t<span class=\"rs-btn-text\">Hotline: +49-6123-50319-0<\/span>\r\n\t\t\t\t<\/a>\r\n\t\t\t\t\t\t<\/div>\r\n\t\t\t\t\t<\/div>\n\t\t\t\t<\/div>\n\t\t\t\t<\/div>\n\t\t\t\t\t<\/div>\n\t\t\t\t<\/div>\n\t\t<div class=\"no-position  elementor-element elementor-element-101bbc4 e-flex e-con-boxed e-con e-parent\" data-id=\"101bbc4\" data-element_type=\"container\">\n\t\t\t\t\t<div class=\"e-con-inner\">\n\t\t<div class=\"no-position  elementor-element elementor-element-2ae229a e-con-full e-flex e-con e-child\" data-id=\"2ae229a\" data-element_type=\"container\">\n\t\t\t\t<div class=\"elementor-element elementor-element-5c69077 gsap-move-no rs-tween_max_btn-no elementor-widget elementor-widget-heading\" data-id=\"5c69077\" data-element_type=\"widget\" data-widget_type=\"heading.default\">\n\t\t\t\t\t<h3 class=\"elementor-heading-title elementor-size-default\">2. Different items\u2014different transport containers!<\/h3>\t\t\t\t<\/div>\n\t\t\t\t<div class=\"elementor-element elementor-element-becd005 gsap-move-no rs-tween_max_btn-no elementor-widget elementor-widget-text-editor\" data-id=\"becd005\" data-element_type=\"widget\" data-widget_type=\"text-editor.default\">\n\t\t\t\t\t\t\t\t\t<p>A complete household naturally includes many different items. The range extends from small accessories and textiles to truly bulky furniture. Of course, all these items must be transported safely to the new home. It's advisable to ensure that the different materials are packed appropriately. For books, for example, the familiar moving boxes are still probably the best option. However, be sure that they aren't too heavy. This will not only make carrying the boxes easier but also prevent them from bursting under the weight and, in the worst-case scenario, even tearing.\u00a0<strong>Tip:\u00a0<\/strong>Reinforce the moving boxes with tape for even more stability!<\/p><p>For other items, such as textiles (clothing, bedding, etc.), the aforementioned moving boxes are usually not the best choice, as they don't offer enough space. Large, sturdy bags, which can be bought at discount stores or supermarkets, are much more suitable in this case. Your laundry basket can also be filled with textiles during the move. This way, you kill two birds with one stone. Firstly, there's no empty space, which always results in a loss of efficiency; secondly, you save the likely limited capacity of packing materials for other items.<\/p><p>Naturally, all containers, whether boxes or others, should be labeled so that they end up back in the correct room later.<\/p><p>It goes without saying that you should finish packing well in advance. Ideally, most of your belongings should be packed away a few days before the moving date. This way, you can be sure that you won't have to hastily pack your belongings at the last minute and lose track of everything when unpacking.<\/p>\t\t\t\t\t\t\t\t<\/div>\n\t\t\t\t<div class=\"elementor-element elementor-element-a62db2f gsap-move-no rs-tween_max_btn-no elementor-widget elementor-widget-heading\" data-id=\"a62db2f\" data-element_type=\"widget\" data-widget_type=\"heading.default\">\n\t\t\t\t\t<h3 class=\"elementor-heading-title elementor-size-default\">3. A good opportunity to get rid of excess baggage!<\/h3>\t\t\t\t<\/div>\n\t\t\t\t<div class=\"elementor-element elementor-element-c3d2daa gsap-move-no rs-tween_max_btn-no elementor-widget elementor-widget-text-editor\" data-id=\"c3d2daa\" data-element_type=\"widget\" data-widget_type=\"text-editor.default\">\n\t\t\t\t\t\t\t\t\t<p>As you pack your household items for the upcoming move, you'll likely come across things that have almost been forgotten over time. Some of these items are there for good reason; for example, personal tastes may have changed, or they may simply have lost their importance. Often, items accumulate in duplicate or even multiple copies. Of course, not all of these items need to be taken along on the move, saving considerable weight and effort. Therefore, when relocating, you should always decide beforehand what you want to take with you and what you want to leave behind. Items that are still in good working order can be sold for a small fee (for example, at a flea market or on eBay) or even given away. This way, you're sure to make someone else happy. Furthermore, this can potentially minimize the size of the bulky waste pile\u2014where everything that's truly unusable ends up.<\/p><p>The possibilities for getting rid of this accumulated ballast are therefore:<\/p><ul><li>flea market<\/li><li>eBay<\/li><li>to give away<\/li><li>Bulky waste (if there is absolutely no other way)<\/li><\/ul>\t\t\t\t\t\t\t\t<\/div>\n\t\t\t\t<div class=\"elementor-element elementor-element-9308192 gsap-move-no rs-tween_max_btn-no elementor-widget elementor-widget-heading\" data-id=\"9308192\" data-element_type=\"widget\" data-widget_type=\"heading.default\">\n\t\t\t\t\t<h3 class=\"elementor-heading-title elementor-size-default\">4. Conduct skillfully!<\/h3>\t\t\t\t<\/div>\n\t\t\t\t<div class=\"elementor-element elementor-element-803ce73 gsap-move-no rs-tween_max_btn-no elementor-widget elementor-widget-text-editor\" data-id=\"803ce73\" data-element_type=\"widget\" data-widget_type=\"text-editor.default\">\n\t\t\t\t\t\t\t\t\t<p>If, as described in the first paragraph, you have managed to mobilize enough people to help, it is advisable to assign these helpers different tasks right from the start. For example, one person should remain on the moving truck to pack the household goods as efficiently as possible, meaning without any gaps. It is then advisable to transport the furniture in the first trip. Once it has arrived at its destination, it can easily be reassembled by two people. Someone should also be tasked with getting refreshments during the lunch break. Finally, the former apartment or house must, of course, be swept clean. It is best if you take on this task yourself.<\/p><p>If you pay attention to this important point, the risk of the move being chaotic is significantly reduced.<\/p>\t\t\t\t\t\t\t\t<\/div>\n\t\t\t\t<div class=\"elementor-element elementor-element-d4e0446 gsap-move-no rs-tween_max_btn-no elementor-widget elementor-widget-heading\" data-id=\"d4e0446\" data-element_type=\"widget\" data-widget_type=\"heading.default\">\n\t\t\t\t\t<h3 class=\"elementor-heading-title elementor-size-default\">5. In the case of rental properties, the previous landlord must be taken into account.<\/h3>\t\t\t\t<\/div>\n\t\t\t\t<div class=\"elementor-element elementor-element-28d4ccd gsap-move-no rs-tween_max_btn-no elementor-widget elementor-widget-text-editor\" data-id=\"28d4ccd\" data-element_type=\"widget\" data-widget_type=\"text-editor.default\">\n\t\t\t\t\t\t\t\t\t<p>As briefly mentioned earlier, the previous living space must be handed over in a broom-clean condition. But that's not all! You are also generally responsible for repairing any wear and tear or defects. The crucial document in this case is the move-in inspection report, which should be completed upon moving in. In plain terms, this means you must return the premises to the condition you found them in. Once you are certain this is the case, the handover to the previous landlord can take place. At this time, you must, of course, return all keys. If you settle all of this with your previous landlord, you are usually also entitled to a refund of any security deposit.<\/p>\t\t\t\t\t\t\t\t<\/div>\n\t\t\t\t<\/div>\n\t\t\t\t\t<\/div>\n\t\t\t\t<\/div>\n\t\t<div class=\"no-position  elementor-element elementor-element-729b0a5 e-flex e-con-boxed e-con e-parent\" data-id=\"729b0a5\" data-element_type=\"container\">\n\t\t\t\t\t<div class=\"e-con-inner\">\n\t\t<div class=\"no-position  elementor-element elementor-element-959b001 e-con-full e-flex e-con e-child\" data-id=\"959b001\" data-element_type=\"container\">\n\t\t\t\t<div class=\"elementor-element elementor-element-d5a82ce gsap-move-no rs-tween_max_btn-no elementor-widget elementor-widget-heading\" data-id=\"d5a82ce\" data-element_type=\"widget\" data-widget_type=\"heading.default\">\n\t\t\t\t\t<h3 class=\"elementor-heading-title elementor-size-default\">6. Don't forget to change your address!<\/h3>\t\t\t\t<\/div>\n\t\t\t\t<div class=\"elementor-element elementor-element-a7df45f gsap-move-no rs-tween_max_btn-no elementor-widget elementor-widget-text-editor\" data-id=\"a7df45f\" data-element_type=\"widget\" data-widget_type=\"text-editor.default\">\n\t\t\t\t\t\t\t\t\t<p>Finally, you must of course notify us of your change of address. This is very important so that your mail continues to arrive in your mailbox as usual. A special service offered by Deutsche Post, the so-called \"address change notification,\" has proven useful in this case.\u00a0<a href=\"https:\/\/www.deutschepost.de\/de\/n\/nachsendeservice.html\" target=\"_blank\" rel=\"noopener\">forwarding request<\/a>Although this involves costs, it is also significantly easier than informing all necessary contacts of the new address individually.<\/p>\t\t\t\t\t\t\t\t<\/div>\n\t\t\t\t<div class=\"elementor-element elementor-element-17ec62a gsap-move-no rs-tween_max_btn-no elementor-widget elementor-widget-heading\" data-id=\"17ec62a\" data-element_type=\"widget\" data-widget_type=\"heading.default\">\n\t\t\t\t\t<h3 class=\"elementor-heading-title elementor-size-default\"> 7. A final check never hurts!\n<\/h3>\t\t\t\t<\/div>\n\t\t\t\t<div class=\"elementor-element elementor-element-6f79dee gsap-move-no rs-tween_max_btn-no elementor-widget elementor-widget-text-editor\" data-id=\"6f79dee\" data-element_type=\"widget\" data-widget_type=\"text-editor.default\">\n\t\t\t\t\t\t\t\t\t<p>This point is particularly important! Before moving day begins, you should make sure you are well prepared. But what exactly do you need to pay attention to? The following list is a kind of checklist to help you assess your own readiness:<\/p><ul><li>Have I organized enough help?<\/li><li>Is everything securely stowed and labeled?<\/li><li>What is the status of the relationship with the previous landlord?<\/li><li>What happens to the discarded items?<\/li><\/ul>\t\t\t\t\t\t\t\t<\/div>\n\t\t\t\t<div class=\"elementor-element elementor-element-078176f gsap-move-no rs-tween_max_btn-no elementor-widget elementor-widget-heading\" data-id=\"078176f\" data-element_type=\"widget\" data-widget_type=\"heading.default\">\n\t\t\t\t\t<h3 class=\"elementor-heading-title elementor-size-default\">The conclusion is:<\/h3>\t\t\t\t<\/div>\n\t\t\t\t<div class=\"elementor-element elementor-element-0de98b1 gsap-move-no rs-tween_max_btn-no elementor-widget elementor-widget-text-editor\" data-id=\"0de98b1\" data-element_type=\"widget\" data-widget_type=\"text-editor.default\">\n\t\t\t\t\t\t\t\t\t<p>For a move that doesn't descend into chaos, good organization is essential. To ensure everything runs smoothly, helping hands are paramount. These helpers should be scheduled for the move itself. However, you can also take the right precautions beforehand. For example, it's crucial to pack and label everything securely. This is also a good opportunity to get rid of accumulated clutter. Before you begin, you should double-check that you've thought of everything. This naturally includes communicating with your previous landlord. Once you've moved into your new home, you should also take care of changing your address.<\/p>\t\t\t\t\t\t\t\t<\/div>\n\t\t\t\t<\/div>\n\t\t<div class=\"no-position  elementor-element elementor-element-ce8b23f e-con-full e-flex e-con e-child\" data-id=\"ce8b23f\" data-element_type=\"container\">\n\t\t\t\t<div class=\"elementor-element elementor-element-23dbeb7 gsap-move-no rs-tween_max_btn-no elementor-widget elementor-widget-image\" data-id=\"23dbeb7\" data-element_type=\"widget\" data-widget_type=\"image.default\">\n\t\t\t\t\t\t\t\t\t\t\t\t\t\t\t<img fetchpriority=\"high\" decoding=\"async\" width=\"500\" height=\"334\" src=\"https:\/\/schlingloff-euromovers.de\/wp-content\/uploads\/2025\/03\/umzugsqualitaet.jpg\" class=\"attachment-large size-large wp-image-10976\" alt=\"\" srcset=\"https:\/\/schlingloff-euromovers.de\/wp-content\/uploads\/2025\/03\/umzugsqualitaet.jpg 500w, https:\/\/schlingloff-euromovers.de\/wp-content\/uploads\/2025\/03\/umzugsqualitaet-400x267.jpg 400w, https:\/\/schlingloff-euromovers.de\/wp-content\/uploads\/2025\/03\/umzugsqualitaet-300x200.jpg 300w\" sizes=\"(max-width: 500px) 100vw, 500px\" \/>\t\t\t\t\t\t\t\t\t\t\t\t\t\t\t<\/div>\n\t\t\t\t<div class=\"elementor-element elementor-element-bb13af2 gsap-move-no rs-tween_max_btn-no elementor-widget elementor-widget-image\" data-id=\"bb13af2\" data-element_type=\"widget\" data-widget_type=\"image.default\">\n\t\t\t\t\t\t\t\t\t\t\t\t\t\t\t<img decoding=\"async\" width=\"640\" height=\"195\" src=\"https:\/\/schlingloff-euromovers.de\/wp-content\/uploads\/2025\/03\/helvetia-logo_weis.jpg\" class=\"attachment-large size-large wp-image-10974\" alt=\"\" srcset=\"https:\/\/schlingloff-euromovers.de\/wp-content\/uploads\/2025\/03\/helvetia-logo_weis.jpg 924w, https:\/\/schlingloff-euromovers.de\/wp-content\/uploads\/2025\/03\/helvetia-logo_weis-400x122.jpg 400w, https:\/\/schlingloff-euromovers.de\/wp-content\/uploads\/2025\/03\/helvetia-logo_weis-300x91.jpg 300w, https:\/\/schlingloff-euromovers.de\/wp-content\/uploads\/2025\/03\/helvetia-logo_weis-768x234.jpg 768w\" sizes=\"(max-width: 640px) 100vw, 640px\" \/>\t\t\t\t\t\t\t\t\t\t\t\t\t\t\t<\/div>\n\t\t\t\t<div class=\"elementor-element elementor-element-443bbdc gsap-move-no rs-tween_max_btn-no elementor-widget elementor-widget-image\" data-id=\"443bbdc\" data-element_type=\"widget\" data-widget_type=\"image.default\">\n\t\t\t\t\t\t\t\t\t\t\t\t\t\t\t<img decoding=\"async\" width=\"500\" height=\"334\" src=\"https:\/\/schlingloff-euromovers.de\/wp-content\/uploads\/2025\/03\/iam.jpg\" class=\"attachment-large size-large wp-image-10975\" alt=\"\" srcset=\"https:\/\/schlingloff-euromovers.de\/wp-content\/uploads\/2025\/03\/iam.jpg 500w, https:\/\/schlingloff-euromovers.de\/wp-content\/uploads\/2025\/03\/iam-400x267.jpg 400w, https:\/\/schlingloff-euromovers.de\/wp-content\/uploads\/2025\/03\/iam-300x200.jpg 300w\" sizes=\"(max-width: 500px) 100vw, 500px\" \/>\t\t\t\t\t\t\t\t\t\t\t\t\t\t\t<\/div>\n\t\t\t\t<\/div>\n\t\t\t\t\t<\/div>\n\t\t\t\t<\/div>\n\t\t<div class=\"no-position  elementor-element elementor-element-8690d1c e-flex e-con-boxed e-con e-child\" data-id=\"8690d1c\" data-element_type=\"container\">\n\t\t\t\t\t<div class=\"e-con-inner\">\n\t\t\t\t<div class=\"elementor-element elementor-element-7c36959 elementor-widget__width-initial elementor-widget-mobile__width-inherit gsap-move-no rs-tween_max_btn-no elementor-widget elementor-widget-rs-heading\" data-id=\"7c36959\" data-element_type=\"widget\" data-widget_type=\"rs-heading.default\">\n\t\t\t\t<div class=\"elementor-widget-container\">\n\t\t\t\t\t\n\t\t<div class=\"prelements-heading style1    animate-\">\n\t\t\t<div class=\"title-inner\">\n\t\t\t\t<h2 class=\"title rs-split-text-enable split-in-left\">MOVING CHECKLIST \u2013 For your perfect moving preparation!<\/h2>\n\t\t\t<\/div>\n\t\t\t\t\t<\/div>\n\t\t\t\t<\/div>\n\t\t\t\t<\/div>\n\t\t\t\t<div class=\"elementor-element elementor-element-4d68616 elementor-widget-mobile__width-inherit gsap-move-no rs-tween_max_btn-no elementor-widget elementor-widget-rs-button\" data-id=\"4d68616\" data-element_type=\"widget\" data-widget_type=\"rs-button.default\">\n\t\t\t\t<div class=\"elementor-widget-container\">\n\t\t\t\t\t\t\t<div class=\"rs-button style6 unique-62499\">\r\n\r\n\t\t\t\r\n\t\t\t\t\t\t\t<a class=\"rs-btn\" href=\"https:\/\/schlingloff-euromovers.de\/wp-content\/uploads\/2025\/03\/Umzug-Checkliste-Ferd.-Schlingloff-Euromovers-Umzugsunternehmen-Wiesbaden-Mainz-Frankfurt-Umgebung.docx.pdf\" >\r\n\t\t\t\t\t\t\t\t\t\t\t<em class=\"first-em\">\r\n\t\t\t\t\t\t\t<svg xmlns=\"http:\/\/www.w3.org\/2000\/svg\" width=\"16\" height=\"16\" viewbox=\"0 0 16 16\" fill=\"none\"><path d=\"M1 8H15\" stroke=\"#1BBBFF\" stroke-width=\"2\" stroke-linecap=\"round\" stroke-linejoin=\"round\"><\/path><path d=\"M8 1.58337L15 8.00004L8 14.4167\" stroke=\"#1BBBFF\" stroke-width=\"2\" stroke-linecap=\"round\" stroke-linejoin=\"round\"><\/path><\/svg>\t\t\t\t\t\t<\/em>\t\r\n\t\t\t\t\t\t\t\t\t\t<span class=\"\">DOWNLOAD<\/span>\r\n\t\t\t\t\t\t\t\t\t\t\t<em>\r\n\t\t\t\t\t\t\t<svg xmlns=\"http:\/\/www.w3.org\/2000\/svg\" width=\"16\" height=\"16\" viewbox=\"0 0 16 16\" fill=\"none\"><path d=\"M1 8H15\" stroke=\"#1BBBFF\" stroke-width=\"2\" stroke-linecap=\"round\" stroke-linejoin=\"round\"><\/path><path d=\"M8 1.58337L15 8.00004L8 14.4167\" stroke=\"#1BBBFF\" stroke-width=\"2\" stroke-linecap=\"round\" stroke-linejoin=\"round\"><\/path><\/svg>\t\t\t\t\t\t<\/em>\t\r\n\t\t\t\t\t\t\t\t\t<\/a>\r\n\t\t\t\t\t<\/div>\r\n\t\t\t\t\t<\/div>\n\t\t\t\t<\/div>\n\t\t\t\t<div class=\"elementor-element elementor-element-31f7640 elementor-widget__width-inherit gsap-move-no rs-tween_max_btn-no elementor-widget elementor-widget-rs-divider\" data-id=\"31f7640\" data-element_type=\"widget\" data-widget_type=\"rs-divider.default\">\n\t\t\t\t<div class=\"elementor-widget-container\">\n\t\t\t\t\t\n\t\t<div class=\"rs-divider\"> <\/div>\n\n\t\t\t\t\t<\/div>\n\t\t\t\t<\/div>\n\t\t\t\t\t<\/div>\n\t\t\t\t<\/div>\n\t\t\t\t<\/div>","protected":false},"excerpt":{"rendered":"<p>7 Tipps, die einen Umzug erleichtern Wenn ein Umzug in ein neues Zuhause ansteht, dann lauern bei diesem Vorhaben so einige Fallen. Wie Sie den Wechsel in den neuen Wohnraum perfekt organisieren, k\u00f6nnen Sie im folgenden Text nachlesen. Der Artikel fasst in sieben einfachen Punkten zusammen, wie Sie einen Umzug m\u00f6glichst effektiv gestalten k\u00f6nnen. 1&#8230;.<\/p>","protected":false},"author":1,"featured_media":0,"parent":0,"menu_order":0,"comment_status":"closed","ping_status":"closed","template":"elementor_header_footer","meta":{"footnotes":""},"class_list":["post-11237","page","type-page","status-publish","hentry"],"_links":{"self":[{"href":"https:\/\/schlingloff-euromovers.de\/en\/wp-json\/wp\/v2\/pages\/11237","targetHints":{"allow":["GET"]}}],"collection":[{"href":"https:\/\/schlingloff-euromovers.de\/en\/wp-json\/wp\/v2\/pages"}],"about":[{"href":"https:\/\/schlingloff-euromovers.de\/en\/wp-json\/wp\/v2\/types\/page"}],"author":[{"embeddable":true,"href":"https:\/\/schlingloff-euromovers.de\/en\/wp-json\/wp\/v2\/users\/1"}],"replies":[{"embeddable":true,"href":"https:\/\/schlingloff-euromovers.de\/en\/wp-json\/wp\/v2\/comments?post=11237"}],"version-history":[{"count":0,"href":"https:\/\/schlingloff-euromovers.de\/en\/wp-json\/wp\/v2\/pages\/11237\/revisions"}],"wp:attachment":[{"href":"https:\/\/schlingloff-euromovers.de\/en\/wp-json\/wp\/v2\/media?parent=11237"}],"curies":[{"name":"wp","href":"https:\/\/api.w.org\/{rel}","templated":true}]}}