{"id":11094,"date":"2025-03-26T18:11:11","date_gmt":"2025-03-26T18:11:11","guid":{"rendered":"https:\/\/schlingloff-euromovers.de\/?page_id=11094"},"modified":"2026-02-27T10:47:39","modified_gmt":"2026-02-27T10:47:39","slug":"file-storage","status":"publish","type":"page","link":"https:\/\/schlingloff-euromovers.de\/en\/akteneinlagerung\/","title":{"rendered":"File storage"},"content":{"rendered":"<div data-elementor-type=\"wp-page\" data-elementor-id=\"11094\" class=\"elementor elementor-11094\">\n\t\t\t\t<div class=\"no-position  elementor-element elementor-element-2cccf77 e-flex e-con-boxed e-con e-parent\" data-id=\"2cccf77\" data-element_type=\"container\" data-settings=\"{&quot;background_background&quot;:&quot;classic&quot;}\">\n\t\t\t\t\t<div class=\"e-con-inner\">\n\t\t\t\t<div class=\"elementor-element elementor-element-1171538 gsap-move-no rs-tween_max_btn-no elementor-widget elementor-widget-page-title\" data-id=\"1171538\" data-element_type=\"widget\" data-settings=\"{&quot;align&quot;:&quot;center&quot;}\" data-widget_type=\"page-title.default\">\n\t\t\t\t<div class=\"elementor-widget-container\">\n\t\t\t\t\t\t\t\n\t\t<div class=\"hfe-page-title hfe-page-title-wrapper elementor-widget-heading\">\n\t\t\t\n\t\t\t<h1 class=\"elementor-heading-title elementor-size\">\n\t\t\t\tDocument storage \u2013 storage space for your important documents\t\t\t<\/h1> \n\n\t\t\t\t\t\t\t\t<\/div>\n\t\t\t\t\t\t<\/div>\n\t\t\t\t<\/div>\n\t\t\t\t\t<\/div>\n\t\t\t\t<\/div>\n\t\t<div class=\"no-position  elementor-element elementor-element-e4d442d e-flex e-con-boxed e-con e-parent\" data-id=\"e4d442d\" data-element_type=\"container\">\n\t\t\t\t\t<div class=\"e-con-inner\">\n\t\t<div class=\"no-position  elementor-element elementor-element-83f125b e-con-full e-flex e-con e-child\" data-id=\"83f125b\" data-element_type=\"container\">\n\t\t\t\t<div class=\"elementor-element elementor-element-c59919f gsap-move-no rs-tween_max_btn-no elementor-widget elementor-widget-text-editor\" data-id=\"c59919f\" data-element_type=\"widget\" data-widget_type=\"text-editor.default\">\n\t\t\t\t\t\t\t\t\t<p>Both small and large companies know that numerous legal regulations must be followed regarding the storage of files (document storage). This applies particularly to accounting. Receipts, contracts, and similar documents must not only be legible but also physically available upon request. Given the sheer volume of paperwork generated today, despite the ideal of a paperless office, many companies reach their limits in this regard. Even a relocation can present a significant challenge in this context.<\/p><p>A wonderful alternative is to have us store your papers and documents for you. Renting a storage unit is not only affordable, but also helps you manage the ever-increasing flood of paperwork and keep only the most important documents within your own four walls (or office).<\/p>\t\t\t\t\t\t\t\t<\/div>\n\t\t\t\t<div class=\"elementor-element elementor-element-883c287 gsap-move-no rs-tween_max_btn-no elementor-widget elementor-widget-heading\" data-id=\"883c287\" data-element_type=\"widget\" data-widget_type=\"heading.default\">\n\t\t\t\t\t<h2 class=\"elementor-heading-title elementor-size-default\">What does professional document storage look like?<\/h2>\t\t\t\t<\/div>\n\t\t\t\t<div class=\"elementor-element elementor-element-20f265d gsap-move-no rs-tween_max_btn-no elementor-widget elementor-widget-text-editor\" data-id=\"20f265d\" data-element_type=\"widget\" data-widget_type=\"text-editor.default\">\n\t\t\t\t\t\t\t\t\t<p>Anyone familiar with the basic principles of accounting knows that, among other things, it's essential to ensure that third parties can easily find what they need. Our professional moving company offers you the service of maintaining a clean and well-organized system, so you can quickly locate the relevant documents when required.<\/p><p>The compartments within the storage unit are completely separated, ensuring that only you have access to your documents. This guarantees not only maximum organization but also, of course, maximum security.<\/p>\t\t\t\t\t\t\t\t<\/div>\n\t\t\t\t<\/div>\n\t\t<div class=\"no-position  elementor-element elementor-element-36bccaa e-con-full e-flex e-con e-child\" data-id=\"36bccaa\" data-element_type=\"container\">\n\t\t\t\t<div class=\"elementor-element elementor-element-eb7df83 elementor-widget elementor-widget-rs-image\" data-id=\"eb7df83\" data-element_type=\"widget\" data-widget_type=\"rs-image.default\">\n\t\t\t\t<div class=\"elementor-widget-container\">\n\t\t\t\t\t\n        <div class=\"rs-image no ruler_image_no ruler_position_\">\n                                                            <img decoding=\"async\" class=\"rs-multi-image  reverse- blend_unset\" src=\"https:\/\/schlingloff-euromovers.de\/wp-content\/uploads\/2025\/03\/Ferd.-Schlingloff-Euromovers-Umzugsunternehmen-und-Umzugsfirma-personliche-Beratung-fur-Wiesbaden-Mainz-Frankfurt-Eltville-Rheingau-und-Umgebung.jpg\" alt=\"Ferd.-Schlingloff-Euromovers-moving-company-and-moving-firm-personal-consulting-for-Wiesbaden-Mainz-Frankfurt-Eltville-Rheingau-and-surroundings\"\/>\n                                                                        <\/div>   \n          \n    \t\t\t\t<\/div>\n\t\t\t\t<\/div>\n\t\t\t\t<div class=\"elementor-element elementor-element-4a75272 gsap-move-no rs-tween_max_btn-no elementor-widget elementor-widget-text-editor\" data-id=\"4a75272\" data-element_type=\"widget\" data-widget_type=\"text-editor.default\">\n\t\t\t\t\t\t\t\t\t<div class=\"vc_row wpb_row vc_row-fluid\"><div class=\"wpb_column vc_column_container vc_col-sm-4\"><div class=\"vc_column-inner\"><div class=\"wpb_wrapper\"><p class=\"vc_custom_heading\">Your personal relocation consultation<\/p><\/div><\/div><\/div><\/div>\t\t\t\t\t\t\t\t<\/div>\n\t\t\t\t<div class=\"elementor-element elementor-element-427357c gsap-move-no rs-tween_max_btn-no elementor-widget elementor-widget-rs-button\" data-id=\"427357c\" data-element_type=\"widget\" data-widget_type=\"rs-button.default\">\n\t\t\t\t<div class=\"elementor-widget-container\">\n\t\t\t\t\t\t\t<div class=\"rs-button style3 unique-53795\">\r\n\r\n\t\t\t\r\n\t\t\t\t\t\t\t<a class=\"rs-btn icon-sty-no\" href=\"mailto:info@schlingloff-euromovers.de\" >\r\n\t\t\t\t\t\t\t\t\t\t<span class=\"rs-btn-text\">Contact us via email<\/span>\r\n\t\t\t\t<\/a>\r\n\t\t\t\t\t\t<\/div>\r\n\t\t\t\t\t<\/div>\n\t\t\t\t<\/div>\n\t\t\t\t<div class=\"elementor-element elementor-element-df2103a gsap-move-no rs-tween_max_btn-no elementor-widget elementor-widget-rs-button\" data-id=\"df2103a\" data-element_type=\"widget\" data-widget_type=\"rs-button.default\">\n\t\t\t\t<div class=\"elementor-widget-container\">\n\t\t\t\t\t\t\t<div class=\"rs-button style3 unique-63218\">\r\n\r\n\t\t\t\r\n\t\t\t\t\t\t\t<a class=\"rs-btn icon-sty-no\" href=\"tel:+496123503190\" >\r\n\t\t\t\t\t\t\t\t\t\t<span class=\"rs-btn-text\">Hotline: +49-6123-50319-0<\/span>\r\n\t\t\t\t<\/a>\r\n\t\t\t\t\t\t<\/div>\r\n\t\t\t\t\t<\/div>\n\t\t\t\t<\/div>\n\t\t\t\t<\/div>\n\t\t\t\t\t<\/div>\n\t\t\t\t<\/div>\n\t\t<div class=\"no-position  elementor-element elementor-element-84ac320 e-flex e-con-boxed e-con e-parent\" data-id=\"84ac320\" data-element_type=\"container\" data-settings=\"{&quot;background_background&quot;:&quot;classic&quot;}\">\n\t\t\t\t\t<div class=\"e-con-inner\">\n\t\t<div class=\"no-position  elementor-element elementor-element-627ab29 e-con-full e-flex e-con e-child\" data-id=\"627ab29\" data-element_type=\"container\" data-settings=\"{&quot;background_background&quot;:&quot;classic&quot;}\">\n\t\t\t\t<div class=\"elementor-element elementor-element-d456f26 elementor-widget__width-initial elementor-widget-mobile__width-inherit gsap-move-no rs-tween_max_btn-no elementor-widget elementor-widget-rs-heading\" data-id=\"d456f26\" data-element_type=\"widget\" data-widget_type=\"rs-heading.default\">\n\t\t\t\t<div class=\"elementor-widget-container\">\n\t\t\t\t\t\n\t\t<div class=\"prelements-heading style1    animate-\">\n\t\t\t<div class=\"title-inner\">\n\t\t\t\t<h2 class=\"title rs-split-text-enable split-in-left\">Get a quote for your move now<\/h2>\n\t\t\t<\/div>\n\t\t\t\t\t\t\t<div class=\"description\">\n\t\t\t\t\t<p>Let yourself be surprised by low prices and top conditions!<\/p>\t\t\t\t<\/div>\n\t\t\t\t\t<\/div>\n\t\t\t\t<\/div>\n\t\t\t\t<\/div>\n\t\t\t\t<div class=\"elementor-element elementor-element-cbed40f elementor-widget-mobile__width-inherit gsap-move-no rs-tween_max_btn-no elementor-widget elementor-widget-rs-button\" data-id=\"cbed40f\" data-element_type=\"widget\" data-widget_type=\"rs-button.default\">\n\t\t\t\t<div class=\"elementor-widget-container\">\n\t\t\t\t\t\t\t<div class=\"rs-button style6 unique-35430\">\r\n\r\n\t\t\t\r\n\t\t\t\t\t\t\t<a class=\"rs-btn\" href=\"https:\/\/schlingloff-euromovers.de\/en\/contact\/\" >\r\n\t\t\t\t\t\t\t\t\t\t\t<em class=\"first-em\">\r\n\t\t\t\t\t\t\t<svg xmlns=\"http:\/\/www.w3.org\/2000\/svg\" width=\"16\" height=\"16\" viewbox=\"0 0 16 16\" fill=\"none\"><path d=\"M1 8H15\" stroke=\"#1BBBFF\" stroke-width=\"2\" stroke-linecap=\"round\" stroke-linejoin=\"round\"><\/path><path d=\"M8 1.58337L15 8.00004L8 14.4167\" stroke=\"#1BBBFF\" stroke-width=\"2\" stroke-linecap=\"round\" stroke-linejoin=\"round\"><\/path><\/svg>\t\t\t\t\t\t<\/em>\t\r\n\t\t\t\t\t\t\t\t\t\t<span class=\"\">Enquire now!<\/span>\r\n\t\t\t\t\t\t\t\t\t\t\t<em>\r\n\t\t\t\t\t\t\t<svg xmlns=\"http:\/\/www.w3.org\/2000\/svg\" width=\"16\" height=\"16\" viewbox=\"0 0 16 16\" fill=\"none\"><path d=\"M1 8H15\" stroke=\"#1BBBFF\" stroke-width=\"2\" stroke-linecap=\"round\" stroke-linejoin=\"round\"><\/path><path d=\"M8 1.58337L15 8.00004L8 14.4167\" stroke=\"#1BBBFF\" stroke-width=\"2\" stroke-linecap=\"round\" stroke-linejoin=\"round\"><\/path><\/svg>\t\t\t\t\t\t<\/em>\t\r\n\t\t\t\t\t\t\t\t\t<\/a>\r\n\t\t\t\t\t<\/div>\r\n\t\t\t\t\t<\/div>\n\t\t\t\t<\/div>\n\t\t\t\t<div class=\"elementor-element elementor-element-cd2093a elementor-widget__width-inherit gsap-move-no rs-tween_max_btn-no elementor-widget elementor-widget-rs-divider\" data-id=\"cd2093a\" data-element_type=\"widget\" data-widget_type=\"rs-divider.default\">\n\t\t\t\t<div class=\"elementor-widget-container\">\n\t\t\t\t\t\n\t\t<div class=\"rs-divider\"> <\/div>\n\n\t\t\t\t\t<\/div>\n\t\t\t\t<\/div>\n\t\t\t\t<\/div>\n\t\t\t\t\t<\/div>\n\t\t\t\t<\/div>\n\t\t<div class=\"no-position  elementor-element elementor-element-86e23c5 e-flex e-con-boxed e-con e-parent\" data-id=\"86e23c5\" data-element_type=\"container\">\n\t\t\t\t\t<div class=\"e-con-inner\">\n\t\t<div class=\"no-position  elementor-element elementor-element-5d4fb0c e-con-full e-flex e-con e-child\" data-id=\"5d4fb0c\" data-element_type=\"container\">\n\t\t\t\t<div class=\"elementor-element elementor-element-16b5759 gsap-move-no rs-tween_max_btn-no elementor-widget elementor-widget-heading\" data-id=\"16b5759\" data-element_type=\"widget\" data-widget_type=\"heading.default\">\n\t\t\t\t\t<h3 class=\"elementor-heading-title elementor-size-default\">What are the advantages of document storage during a move?<\/h3>\t\t\t\t<\/div>\n\t\t\t\t<div class=\"elementor-element elementor-element-380946e gsap-move-no rs-tween_max_btn-no elementor-widget elementor-widget-text-editor\" data-id=\"380946e\" data-element_type=\"widget\" data-widget_type=\"text-editor.default\">\n\t\t\t\t\t\t\t\t\t<p>Whether you're moving domestically or internationally, transporting documents from point A to point B always presents a significant challenge for a company. However, if you've decided to move within the same city, for example, is it perhaps unnecessary to change the storage location of your papers and documents? If they're stored in a storage unit, they might even be more easily accessible, depending on the distance.<\/p><p>Companies relocating to another city inevitably face the question of how to transport their documents safely and undamaged. Our moving company is happy to assist you with this as well. We are not only your first point of contact for renting storage units, but also offer our services in the following areas:<\/p><ul><li>Furniture transport<\/li><li>Art transport<\/li><li>Piano transport<\/li><li>Senior citizen relocation<\/li><\/ul><p>or office relocation in general. Whether the items to be transported are files, cabinets, or other equipment: we ensure that you can quickly return to your daily business by meeting and even exceeding the high expectations placed upon us, down to the last detail.<\/p><p>We look forward to hearing from you!<\/p>\t\t\t\t\t\t\t\t<\/div>\n\t\t\t\t<\/div>\n\t\t<div class=\"no-position  elementor-element elementor-element-b1858c0 e-con-full e-flex e-con e-child\" data-id=\"b1858c0\" data-element_type=\"container\">\n\t\t\t\t<div class=\"elementor-element elementor-element-1f467d5 gsap-move-no rs-tween_max_btn-no elementor-widget elementor-widget-image\" data-id=\"1f467d5\" data-element_type=\"widget\" data-widget_type=\"image.default\">\n\t\t\t\t\t\t\t\t\t\t\t\t\t\t\t<img fetchpriority=\"high\" decoding=\"async\" width=\"500\" height=\"334\" src=\"https:\/\/schlingloff-euromovers.de\/wp-content\/uploads\/2025\/03\/umzugsqualitaet.jpg\" class=\"attachment-large size-large wp-image-10976\" alt=\"\" srcset=\"https:\/\/schlingloff-euromovers.de\/wp-content\/uploads\/2025\/03\/umzugsqualitaet.jpg 500w, https:\/\/schlingloff-euromovers.de\/wp-content\/uploads\/2025\/03\/umzugsqualitaet-400x267.jpg 400w, https:\/\/schlingloff-euromovers.de\/wp-content\/uploads\/2025\/03\/umzugsqualitaet-300x200.jpg 300w\" sizes=\"(max-width: 500px) 100vw, 500px\" \/>\t\t\t\t\t\t\t\t\t\t\t\t\t\t\t<\/div>\n\t\t\t\t<div class=\"elementor-element elementor-element-770997b gsap-move-no rs-tween_max_btn-no elementor-widget elementor-widget-image\" data-id=\"770997b\" data-element_type=\"widget\" data-widget_type=\"image.default\">\n\t\t\t\t\t\t\t\t\t\t\t\t\t\t\t<img decoding=\"async\" width=\"640\" height=\"195\" src=\"https:\/\/schlingloff-euromovers.de\/wp-content\/uploads\/2025\/03\/helvetia-logo_weis.jpg\" class=\"attachment-large size-large wp-image-10974\" alt=\"\" srcset=\"https:\/\/schlingloff-euromovers.de\/wp-content\/uploads\/2025\/03\/helvetia-logo_weis.jpg 924w, https:\/\/schlingloff-euromovers.de\/wp-content\/uploads\/2025\/03\/helvetia-logo_weis-400x122.jpg 400w, https:\/\/schlingloff-euromovers.de\/wp-content\/uploads\/2025\/03\/helvetia-logo_weis-300x91.jpg 300w, https:\/\/schlingloff-euromovers.de\/wp-content\/uploads\/2025\/03\/helvetia-logo_weis-768x234.jpg 768w\" sizes=\"(max-width: 640px) 100vw, 640px\" \/>\t\t\t\t\t\t\t\t\t\t\t\t\t\t\t<\/div>\n\t\t\t\t<\/div>\n\t\t\t\t\t<\/div>\n\t\t\t\t<\/div>\n\t\t<div class=\"no-position  elementor-element elementor-element-8690d1c e-flex e-con-boxed e-con e-child\" data-id=\"8690d1c\" data-element_type=\"container\">\n\t\t\t\t\t<div class=\"e-con-inner\">\n\t\t\t\t<div class=\"elementor-element elementor-element-7c36959 elementor-widget__width-initial elementor-widget-mobile__width-inherit gsap-move-no rs-tween_max_btn-no elementor-widget elementor-widget-rs-heading\" data-id=\"7c36959\" data-element_type=\"widget\" data-widget_type=\"rs-heading.default\">\n\t\t\t\t<div class=\"elementor-widget-container\">\n\t\t\t\t\t\n\t\t<div class=\"prelements-heading style1    animate-\">\n\t\t\t<div class=\"title-inner\">\n\t\t\t\t<h2 class=\"title rs-split-text-enable split-in-left\">MOVING CHECKLIST \u2013 For your perfect moving preparation!<\/h2>\n\t\t\t<\/div>\n\t\t\t\t\t<\/div>\n\t\t\t\t<\/div>\n\t\t\t\t<\/div>\n\t\t\t\t<div class=\"elementor-element elementor-element-4d68616 elementor-widget-mobile__width-inherit gsap-move-no rs-tween_max_btn-no elementor-widget elementor-widget-rs-button\" data-id=\"4d68616\" data-element_type=\"widget\" data-widget_type=\"rs-button.default\">\n\t\t\t\t<div class=\"elementor-widget-container\">\n\t\t\t\t\t\t\t<div class=\"rs-button style6 unique-48812\">\r\n\r\n\t\t\t\r\n\t\t\t\t\t\t\t<a class=\"rs-btn\" href=\"https:\/\/schlingloff-euromovers.de\/wp-content\/uploads\/2025\/03\/Umzug-Checkliste-Ferd.-Schlingloff-Euromovers-Umzugsunternehmen-Wiesbaden-Mainz-Frankfurt-Umgebung.docx.pdf\" target=\"_blank\">\r\n\t\t\t\t\t\t\t\t\t\t\t<em class=\"first-em\">\r\n\t\t\t\t\t\t\t<svg xmlns=\"http:\/\/www.w3.org\/2000\/svg\" width=\"16\" height=\"16\" viewbox=\"0 0 16 16\" fill=\"none\"><path d=\"M1 8H15\" stroke=\"#1BBBFF\" stroke-width=\"2\" stroke-linecap=\"round\" stroke-linejoin=\"round\"><\/path><path d=\"M8 1.58337L15 8.00004L8 14.4167\" stroke=\"#1BBBFF\" stroke-width=\"2\" stroke-linecap=\"round\" stroke-linejoin=\"round\"><\/path><\/svg>\t\t\t\t\t\t<\/em>\t\r\n\t\t\t\t\t\t\t\t\t\t<span class=\"\">DOWNLOAD<\/span>\r\n\t\t\t\t\t\t\t\t\t\t\t<em>\r\n\t\t\t\t\t\t\t<svg xmlns=\"http:\/\/www.w3.org\/2000\/svg\" width=\"16\" height=\"16\" viewbox=\"0 0 16 16\" fill=\"none\"><path d=\"M1 8H15\" stroke=\"#1BBBFF\" stroke-width=\"2\" stroke-linecap=\"round\" stroke-linejoin=\"round\"><\/path><path d=\"M8 1.58337L15 8.00004L8 14.4167\" stroke=\"#1BBBFF\" stroke-width=\"2\" stroke-linecap=\"round\" stroke-linejoin=\"round\"><\/path><\/svg>\t\t\t\t\t\t<\/em>\t\r\n\t\t\t\t\t\t\t\t\t<\/a>\r\n\t\t\t\t\t<\/div>\r\n\t\t\t\t\t<\/div>\n\t\t\t\t<\/div>\n\t\t\t\t<div class=\"elementor-element elementor-element-31f7640 elementor-widget__width-inherit gsap-move-no rs-tween_max_btn-no elementor-widget elementor-widget-rs-divider\" data-id=\"31f7640\" data-element_type=\"widget\" data-widget_type=\"rs-divider.default\">\n\t\t\t\t<div class=\"elementor-widget-container\">\n\t\t\t\t\t\n\t\t<div class=\"rs-divider\"> <\/div>\n\n\t\t\t\t\t<\/div>\n\t\t\t\t<\/div>\n\t\t\t\t\t<\/div>\n\t\t\t\t<\/div>\n\t\t\t\t<\/div>","protected":false},"excerpt":{"rendered":"<p>Akteneinlagerung \u2013 Stauraum f\u00fcr Ihre wichtigen Dokumente Sowohl kleine als auch gro\u00dfe Unternehmen wissen, dass seitens des Gesetzgebers mit Hinblick auf die Einlagerung von Akten (Akteneinlagerung) viele Richtlinien erf\u00fcllt werden m\u00fcssen. Dies gilt vor allem in buchhalterischer Hinsicht. So m\u00fcssen Quittungen, Vertr\u00e4ge und Co. nicht nur lesbar, sondern auch auf Nachfrage haptisch verf\u00fcgbar sein. Mit&#8230;<\/p>","protected":false},"author":1,"featured_media":0,"parent":0,"menu_order":0,"comment_status":"closed","ping_status":"closed","template":"elementor_header_footer","meta":{"footnotes":""},"class_list":["post-11094","page","type-page","status-publish","hentry"],"_links":{"self":[{"href":"https:\/\/schlingloff-euromovers.de\/en\/wp-json\/wp\/v2\/pages\/11094","targetHints":{"allow":["GET"]}}],"collection":[{"href":"https:\/\/schlingloff-euromovers.de\/en\/wp-json\/wp\/v2\/pages"}],"about":[{"href":"https:\/\/schlingloff-euromovers.de\/en\/wp-json\/wp\/v2\/types\/page"}],"author":[{"embeddable":true,"href":"https:\/\/schlingloff-euromovers.de\/en\/wp-json\/wp\/v2\/users\/1"}],"replies":[{"embeddable":true,"href":"https:\/\/schlingloff-euromovers.de\/en\/wp-json\/wp\/v2\/comments?post=11094"}],"version-history":[{"count":1,"href":"https:\/\/schlingloff-euromovers.de\/en\/wp-json\/wp\/v2\/pages\/11094\/revisions"}],"predecessor-version":[{"id":12685,"href":"https:\/\/schlingloff-euromovers.de\/en\/wp-json\/wp\/v2\/pages\/11094\/revisions\/12685"}],"wp:attachment":[{"href":"https:\/\/schlingloff-euromovers.de\/en\/wp-json\/wp\/v2\/media?parent=11094"}],"curies":[{"name":"wp","href":"https:\/\/api.w.org\/{rel}","templated":true}]}}