{"id":11066,"date":"2025-03-26T18:00:27","date_gmt":"2025-03-26T18:00:27","guid":{"rendered":"https:\/\/schlingloff-euromovers.de\/?page_id=11066"},"modified":"2026-02-27T09:21:11","modified_gmt":"2026-02-27T09:21:11","slug":"private-move","status":"publish","type":"page","link":"https:\/\/schlingloff-euromovers.de\/en\/privatumzug\/","title":{"rendered":"Private move"},"content":{"rendered":"<div data-elementor-type=\"wp-page\" data-elementor-id=\"11066\" class=\"elementor elementor-11066\">\n\t\t\t\t<div class=\"no-position  elementor-element elementor-element-2cccf77 e-flex e-con-boxed e-con e-parent\" data-id=\"2cccf77\" data-element_type=\"container\" data-settings=\"{&quot;background_background&quot;:&quot;classic&quot;}\">\n\t\t\t\t\t<div class=\"e-con-inner\">\n\t\t\t\t<div class=\"elementor-element elementor-element-1171538 gsap-move-no rs-tween_max_btn-no elementor-widget elementor-widget-page-title\" data-id=\"1171538\" data-element_type=\"widget\" data-settings=\"{&quot;align&quot;:&quot;center&quot;}\" data-widget_type=\"page-title.default\">\n\t\t\t\t<div class=\"elementor-widget-container\">\n\t\t\t\t\t\t\t\n\t\t<div class=\"hfe-page-title hfe-page-title-wrapper elementor-widget-heading\">\n\t\t\t\n\t\t\t<h1 class=\"elementor-heading-title elementor-size\">\n\t\t\t\tThat's why you should entrust a private move to professionals.\t\t\t<\/h1> \n\n\t\t\t\t\t\t\t\t<\/div>\n\t\t\t\t\t\t<\/div>\n\t\t\t\t<\/div>\n\t\t\t\t\t<\/div>\n\t\t\t\t<\/div>\n\t\t<div class=\"no-position  elementor-element elementor-element-e4d442d e-flex e-con-boxed e-con e-parent\" data-id=\"e4d442d\" data-element_type=\"container\">\n\t\t\t\t\t<div class=\"e-con-inner\">\n\t\t<div class=\"no-position  elementor-element elementor-element-83f125b e-con-full e-flex e-con e-child\" data-id=\"83f125b\" data-element_type=\"container\">\n\t\t\t\t<div class=\"elementor-element elementor-element-c59919f gsap-move-no rs-tween_max_btn-no elementor-widget elementor-widget-text-editor\" data-id=\"c59919f\" data-element_type=\"widget\" data-widget_type=\"text-editor.default\">\n\t\t\t\t\t\t\t\t\t<p>There are tasks in life that you simply cannot handle alone. This includes...\u00a0<a href=\"https:\/\/schlingloff-euromovers.de\/en\/move\/\">Relocation<\/a>Moving is something we automatically associate with stress, hectic activity, and broken items. And in a way, that's true, because even if you don't always want to admit it, a private move is incredibly draining. If you're also short of extra hands, then chaos is practically guaranteed. The only way to avoid all of this is to hire a moving company.<\/p><p>We offer moving services in the Rheingau region (Eltville, Eltville-Martinsthal, Walluf, Kiedrich, Oestrich-Winkel, Geisenheim, R\u00fcdesheim and Lorch) as well as in Wiesbaden, Mainz and the Frankfurt area. We also handle moves in Idstein\/Taunus and Bad Schwalbach.<\/p>\t\t\t\t\t\t\t\t<\/div>\n\t\t\t\t<div class=\"elementor-element elementor-element-883c287 gsap-move-no rs-tween_max_btn-no elementor-widget elementor-widget-heading\" data-id=\"883c287\" data-element_type=\"widget\" data-widget_type=\"heading.default\">\n\t\t\t\t\t<h2 class=\"elementor-heading-title elementor-size-default\">That's why using a moving company is so useful for a private move.<\/h2>\t\t\t\t<\/div>\n\t\t\t\t<div class=\"elementor-element elementor-element-20f265d gsap-move-no rs-tween_max_btn-no elementor-widget elementor-widget-text-editor\" data-id=\"20f265d\" data-element_type=\"widget\" data-widget_type=\"text-editor.default\">\n\t\t\t\t\t\t\t\t\t<p>There are several reasons why hiring professional help is worthwhile. First and foremost is the exhausting task of carrying heavy loads. It's not just light items like TVs and game consoles that need to be moved; a private move also involves heavy boxes, a sofa, and possibly even a kitchen. It's not just the physical exertion that's strenuous; there are also numerous points to consider when packing and loading. For example, using the wrong materials or too little packing material can lead to damage. Conversely, improper loading might necessitate an extra trip. It's not the end of the world, but it will delay the move.<\/p>\t\t\t\t\t\t\t\t<\/div>\n\t\t\t\t<\/div>\n\t\t<div class=\"no-position  elementor-element elementor-element-36bccaa e-con-full e-flex e-con e-child\" data-id=\"36bccaa\" data-element_type=\"container\">\n\t\t\t\t<div class=\"elementor-element elementor-element-eb7df83 elementor-widget elementor-widget-rs-image\" data-id=\"eb7df83\" data-element_type=\"widget\" data-widget_type=\"rs-image.default\">\n\t\t\t\t<div class=\"elementor-widget-container\">\n\t\t\t\t\t\n        <div class=\"rs-image no ruler_image_no ruler_position_\">\n                                                            <img decoding=\"async\" class=\"rs-multi-image  reverse- blend_unset\" src=\"https:\/\/schlingloff-euromovers.de\/wp-content\/uploads\/2025\/03\/Ferd.-Schlingloff-Euromovers-Umzugsunternehmen-und-Umzugsfirma-personliche-Beratung-fur-Wiesbaden-Mainz-Frankfurt-Eltville-Rheingau-und-Umgebung.jpg\" alt=\"Ferd.-Schlingloff-Euromovers-moving-company-and-moving-firm-personal-consulting-for-Wiesbaden-Mainz-Frankfurt-Eltville-Rheingau-and-surroundings\"\/>\n                                                                        <\/div>   \n          \n    \t\t\t\t<\/div>\n\t\t\t\t<\/div>\n\t\t\t\t<div class=\"elementor-element elementor-element-4a75272 gsap-move-no rs-tween_max_btn-no elementor-widget elementor-widget-text-editor\" data-id=\"4a75272\" data-element_type=\"widget\" data-widget_type=\"text-editor.default\">\n\t\t\t\t\t\t\t\t\t<div class=\"vc_row wpb_row vc_row-fluid\"><div class=\"wpb_column vc_column_container vc_col-sm-4\"><div class=\"vc_column-inner\"><div class=\"wpb_wrapper\"><p class=\"vc_custom_heading\">Your personal relocation consultation<\/p><\/div><\/div><\/div><\/div>\t\t\t\t\t\t\t\t<\/div>\n\t\t\t\t<div class=\"elementor-element elementor-element-427357c gsap-move-no rs-tween_max_btn-no elementor-widget elementor-widget-rs-button\" data-id=\"427357c\" data-element_type=\"widget\" data-widget_type=\"rs-button.default\">\n\t\t\t\t<div class=\"elementor-widget-container\">\n\t\t\t\t\t\t\t<div class=\"rs-button style3 unique-53735\">\r\n\r\n\t\t\t\r\n\t\t\t\t\t\t\t<a class=\"rs-btn icon-sty-no\" href=\"mailto:info@schlingloff-euromovers.de\" >\r\n\t\t\t\t\t\t\t\t\t\t<span class=\"rs-btn-text\">Contact us via email<\/span>\r\n\t\t\t\t<\/a>\r\n\t\t\t\t\t\t<\/div>\r\n\t\t\t\t\t<\/div>\n\t\t\t\t<\/div>\n\t\t\t\t<div class=\"elementor-element elementor-element-df2103a gsap-move-no rs-tween_max_btn-no elementor-widget elementor-widget-rs-button\" data-id=\"df2103a\" data-element_type=\"widget\" data-widget_type=\"rs-button.default\">\n\t\t\t\t<div class=\"elementor-widget-container\">\n\t\t\t\t\t\t\t<div class=\"rs-button style3 unique-36778\">\r\n\r\n\t\t\t\r\n\t\t\t\t\t\t\t<a class=\"rs-btn icon-sty-no\" href=\"tel:+496123503190\" >\r\n\t\t\t\t\t\t\t\t\t\t<span class=\"rs-btn-text\">Hotline: +49-6123-50319-0<\/span>\r\n\t\t\t\t<\/a>\r\n\t\t\t\t\t\t<\/div>\r\n\t\t\t\t\t<\/div>\n\t\t\t\t<\/div>\n\t\t\t\t<\/div>\n\t\t\t\t\t<\/div>\n\t\t\t\t<\/div>\n\t\t<div class=\"no-position  elementor-element elementor-element-101bbc4 e-flex e-con-boxed e-con e-parent\" data-id=\"101bbc4\" data-element_type=\"container\">\n\t\t\t\t\t<div class=\"e-con-inner\">\n\t\t<div class=\"no-position  elementor-element elementor-element-2ae229a e-con-full e-flex e-con e-child\" data-id=\"2ae229a\" data-element_type=\"container\">\n\t\t\t\t<div class=\"elementor-element elementor-element-5c69077 gsap-move-no rs-tween_max_btn-no elementor-widget elementor-widget-heading\" data-id=\"5c69077\" data-element_type=\"widget\" data-widget_type=\"heading.default\">\n\t\t\t\t\t<h3 class=\"elementor-heading-title elementor-size-default\">Planning is always essential when moving house privately.\n<\/h3>\t\t\t\t<\/div>\n\t\t\t\t<div class=\"elementor-element elementor-element-becd005 gsap-move-no rs-tween_max_btn-no elementor-widget elementor-widget-text-editor\" data-id=\"becd005\" data-element_type=\"widget\" data-widget_type=\"text-editor.default\">\n\t\t\t\t\t\t\t\t\t<p>Whether a couple is moving house, or whether it's a\u00a0<a href=\"https:\/\/schlingloff-euromovers.de\/en\/senior-citizen-removals\/\">Senior citizen relocation<\/a>\u00a0Only with a well-thought-out plan can everything proceed smoothly and quickly. This is important because, even though a private move always involves some limitations, everyone wants to finish as quickly as possible. You can certainly organize it yourself, but it's unlikely to be as efficient as if it were planned by a professional company. This is primarily due to the knowledge and experience we have, as we deal with private moves on a daily basis.<\/p><p>Ultimately, as a customer, you benefit enormously from entrusting your private move to professionals. The costs are, of course, not included, but in return, you don't have to lift heavy objects, plan anything, experience less stress, and are insured in case of an emergency.<\/p>\t\t\t\t\t\t\t\t<\/div>\n\t\t\t\t<\/div>\n\t\t\t\t\t<\/div>\n\t\t\t\t<\/div>\n\t\t<div class=\"no-position  elementor-element elementor-element-84ac320 e-flex e-con-boxed e-con e-parent\" data-id=\"84ac320\" data-element_type=\"container\" data-settings=\"{&quot;background_background&quot;:&quot;classic&quot;}\">\n\t\t\t\t\t<div class=\"e-con-inner\">\n\t\t<div class=\"no-position  elementor-element elementor-element-627ab29 e-con-full e-flex e-con e-child\" data-id=\"627ab29\" data-element_type=\"container\" data-settings=\"{&quot;background_background&quot;:&quot;classic&quot;}\">\n\t\t\t\t<div class=\"elementor-element elementor-element-d456f26 elementor-widget__width-initial elementor-widget-mobile__width-inherit gsap-move-no rs-tween_max_btn-no elementor-widget elementor-widget-rs-heading\" data-id=\"d456f26\" data-element_type=\"widget\" data-widget_type=\"rs-heading.default\">\n\t\t\t\t<div class=\"elementor-widget-container\">\n\t\t\t\t\t\n\t\t<div class=\"prelements-heading style1    animate-\">\n\t\t\t<div class=\"title-inner\">\n\t\t\t\t<h2 class=\"title rs-split-text-enable split-in-left\">Get a quote for your move now<\/h2>\n\t\t\t<\/div>\n\t\t\t\t\t\t\t<div class=\"description\">\n\t\t\t\t\t<p>Let yourself be surprised by low prices and top conditions!<\/p>\t\t\t\t<\/div>\n\t\t\t\t\t<\/div>\n\t\t\t\t<\/div>\n\t\t\t\t<\/div>\n\t\t\t\t<div class=\"elementor-element elementor-element-cbed40f elementor-widget-mobile__width-inherit gsap-move-no rs-tween_max_btn-no elementor-widget elementor-widget-rs-button\" data-id=\"cbed40f\" data-element_type=\"widget\" data-widget_type=\"rs-button.default\">\n\t\t\t\t<div class=\"elementor-widget-container\">\n\t\t\t\t\t\t\t<div class=\"rs-button style6 unique-43197\">\r\n\r\n\t\t\t\r\n\t\t\t\t\t\t\t<a class=\"rs-btn\" href=\"https:\/\/schlingloff-euromovers.de\/en\/contact\/\" >\r\n\t\t\t\t\t\t\t\t\t\t\t<em class=\"first-em\">\r\n\t\t\t\t\t\t\t<svg xmlns=\"http:\/\/www.w3.org\/2000\/svg\" width=\"16\" height=\"16\" viewbox=\"0 0 16 16\" fill=\"none\"><path d=\"M1 8H15\" stroke=\"#1BBBFF\" stroke-width=\"2\" stroke-linecap=\"round\" stroke-linejoin=\"round\"><\/path><path d=\"M8 1.58337L15 8.00004L8 14.4167\" stroke=\"#1BBBFF\" stroke-width=\"2\" stroke-linecap=\"round\" stroke-linejoin=\"round\"><\/path><\/svg>\t\t\t\t\t\t<\/em>\t\r\n\t\t\t\t\t\t\t\t\t\t<span class=\"\">Enquire now!<\/span>\r\n\t\t\t\t\t\t\t\t\t\t\t<em>\r\n\t\t\t\t\t\t\t<svg xmlns=\"http:\/\/www.w3.org\/2000\/svg\" width=\"16\" height=\"16\" viewbox=\"0 0 16 16\" fill=\"none\"><path d=\"M1 8H15\" stroke=\"#1BBBFF\" stroke-width=\"2\" stroke-linecap=\"round\" stroke-linejoin=\"round\"><\/path><path d=\"M8 1.58337L15 8.00004L8 14.4167\" stroke=\"#1BBBFF\" stroke-width=\"2\" stroke-linecap=\"round\" stroke-linejoin=\"round\"><\/path><\/svg>\t\t\t\t\t\t<\/em>\t\r\n\t\t\t\t\t\t\t\t\t<\/a>\r\n\t\t\t\t\t<\/div>\r\n\t\t\t\t\t<\/div>\n\t\t\t\t<\/div>\n\t\t\t\t<div class=\"elementor-element elementor-element-cd2093a elementor-widget__width-inherit gsap-move-no rs-tween_max_btn-no elementor-widget elementor-widget-rs-divider\" data-id=\"cd2093a\" data-element_type=\"widget\" data-widget_type=\"rs-divider.default\">\n\t\t\t\t<div class=\"elementor-widget-container\">\n\t\t\t\t\t\n\t\t<div class=\"rs-divider\"> <\/div>\n\n\t\t\t\t\t<\/div>\n\t\t\t\t<\/div>\n\t\t\t\t<\/div>\n\t\t\t\t\t<\/div>\n\t\t\t\t<\/div>\n\t\t<div class=\"no-position  elementor-element elementor-element-729b0a5 e-flex e-con-boxed e-con e-parent\" data-id=\"729b0a5\" data-element_type=\"container\">\n\t\t\t\t\t<div class=\"e-con-inner\">\n\t\t<div class=\"no-position  elementor-element elementor-element-959b001 e-con-full e-flex e-con e-child\" data-id=\"959b001\" data-element_type=\"container\">\n\t\t\t\t<div class=\"elementor-element elementor-element-d4e0446 gsap-move-no rs-tween_max_btn-no elementor-widget elementor-widget-heading\" data-id=\"d4e0446\" data-element_type=\"widget\" data-widget_type=\"heading.default\">\n\t\t\t\t\t<h3 class=\"elementor-heading-title elementor-size-default\">Even when relocating a company, you shouldn't cut corners in the wrong places.<\/h3>\t\t\t\t<\/div>\n\t\t\t\t<div class=\"elementor-element elementor-element-28d4ccd gsap-move-no rs-tween_max_btn-no elementor-widget elementor-widget-text-editor\" data-id=\"28d4ccd\" data-element_type=\"widget\" data-widget_type=\"text-editor.default\">\n\t\t\t\t\t\t\t\t\t<p>Parallel to the private move are\u00a0<a href=\"https:\/\/schlingloff-euromovers.de\/en\/company-relocation\/\">Company relocations<\/a>\u00a0This is often a topic. The diversity behind it knows no bounds; for example,\u00a0<a href=\"https:\/\/schlingloff-euromovers.de\/en\/moving-to-switzerland\/\">Relocations to Switzerland<\/a>\u00a0International moves are not uncommon. Sometimes, however, customers also require a more elaborate service.\u00a0<a href=\"https:\/\/schlingloff-euromovers.de\/en\/overseas-removals\/\">Overseas relocation<\/a>However the task at hand may be, without skilled personnel it is impossible.\u00a0<a href=\"https:\/\/schlingloff-euromovers.de\/en\/company-relocation\/\">Company relocation<\/a>\u00a0Simply impossible. There are many similarities to a private move; for example, all items must be securely packed and arrive undamaged at their destination. However, there are also differences, as time plays an even more crucial role. If a private move takes an extra day, for instance, it usually doesn't have serious consequences.<\/p><p>At a\u00a0<a href=\"https:\/\/schlingloff-euromovers.de\/en\/company-relocation\/\">Company relocation<\/a>\u00a0This is indeed the case, because in this situation, time is literally money. And to minimize downtime, you need to rely on specialized companies. They not only understand the time pressure and the differences compared to a private move, but they also know the invaluable solutions. Trying to save money here is a completely wrong approach and only leads to stress, frustration, and often financial losses.<\/p>\t\t\t\t\t\t\t\t<\/div>\n\t\t\t\t<\/div>\n\t\t<div class=\"no-position  elementor-element elementor-element-af76b34 e-con-full e-flex e-con e-child\" data-id=\"af76b34\" data-element_type=\"container\">\n\t\t\t\t<div class=\"elementor-element elementor-element-f1d0df6 gsap-move-no rs-tween_max_btn-no elementor-widget elementor-widget-image\" data-id=\"f1d0df6\" data-element_type=\"widget\" data-widget_type=\"image.default\">\n\t\t\t\t\t\t\t\t\t\t\t\t\t\t\t<img fetchpriority=\"high\" decoding=\"async\" width=\"500\" height=\"334\" src=\"https:\/\/schlingloff-euromovers.de\/wp-content\/uploads\/2025\/03\/umzugsqualitaet.jpg\" class=\"attachment-large size-large wp-image-10976\" alt=\"\" srcset=\"https:\/\/schlingloff-euromovers.de\/wp-content\/uploads\/2025\/03\/umzugsqualitaet.jpg 500w, https:\/\/schlingloff-euromovers.de\/wp-content\/uploads\/2025\/03\/umzugsqualitaet-400x267.jpg 400w, https:\/\/schlingloff-euromovers.de\/wp-content\/uploads\/2025\/03\/umzugsqualitaet-300x200.jpg 300w\" sizes=\"(max-width: 500px) 100vw, 500px\" \/>\t\t\t\t\t\t\t\t\t\t\t\t\t\t\t<\/div>\n\t\t\t\t<\/div>\n\t\t\t\t\t<\/div>\n\t\t\t\t<\/div>\n\t\t<div class=\"no-position  elementor-element elementor-element-8690d1c e-flex e-con-boxed e-con e-child\" data-id=\"8690d1c\" data-element_type=\"container\">\n\t\t\t\t\t<div class=\"e-con-inner\">\n\t\t\t\t<div class=\"elementor-element elementor-element-7c36959 elementor-widget__width-initial elementor-widget-mobile__width-inherit gsap-move-no rs-tween_max_btn-no elementor-widget elementor-widget-rs-heading\" data-id=\"7c36959\" data-element_type=\"widget\" data-widget_type=\"rs-heading.default\">\n\t\t\t\t<div class=\"elementor-widget-container\">\n\t\t\t\t\t\n\t\t<div class=\"prelements-heading style1    animate-\">\n\t\t\t<div class=\"title-inner\">\n\t\t\t\t<h2 class=\"title rs-split-text-enable split-in-left\">MOVING CHECKLIST \u2013 For your perfect moving preparation!<\/h2>\n\t\t\t<\/div>\n\t\t\t\t\t<\/div>\n\t\t\t\t<\/div>\n\t\t\t\t<\/div>\n\t\t\t\t<div class=\"elementor-element elementor-element-4d68616 elementor-widget-mobile__width-inherit gsap-move-no rs-tween_max_btn-no elementor-widget elementor-widget-rs-button\" data-id=\"4d68616\" data-element_type=\"widget\" data-widget_type=\"rs-button.default\">\n\t\t\t\t<div class=\"elementor-widget-container\">\n\t\t\t\t\t\t\t<div class=\"rs-button style6 unique-59705\">\r\n\r\n\t\t\t\r\n\t\t\t\t\t\t\t<a class=\"rs-btn\" href=\"https:\/\/schlingloff-euromovers.de\/wp-content\/uploads\/2025\/03\/Umzug-Checkliste-Ferd.-Schlingloff-Euromovers-Umzugsunternehmen-Wiesbaden-Mainz-Frankfurt-Umgebung.docx.pdf\" target=\"_blank\">\r\n\t\t\t\t\t\t\t\t\t\t\t<em class=\"first-em\">\r\n\t\t\t\t\t\t\t<svg xmlns=\"http:\/\/www.w3.org\/2000\/svg\" width=\"16\" height=\"16\" viewbox=\"0 0 16 16\" fill=\"none\"><path d=\"M1 8H15\" stroke=\"#1BBBFF\" stroke-width=\"2\" stroke-linecap=\"round\" stroke-linejoin=\"round\"><\/path><path d=\"M8 1.58337L15 8.00004L8 14.4167\" stroke=\"#1BBBFF\" stroke-width=\"2\" stroke-linecap=\"round\" stroke-linejoin=\"round\"><\/path><\/svg>\t\t\t\t\t\t<\/em>\t\r\n\t\t\t\t\t\t\t\t\t\t<span class=\"\">DOWNLOAD<\/span>\r\n\t\t\t\t\t\t\t\t\t\t\t<em>\r\n\t\t\t\t\t\t\t<svg xmlns=\"http:\/\/www.w3.org\/2000\/svg\" width=\"16\" height=\"16\" viewbox=\"0 0 16 16\" fill=\"none\"><path d=\"M1 8H15\" stroke=\"#1BBBFF\" stroke-width=\"2\" stroke-linecap=\"round\" stroke-linejoin=\"round\"><\/path><path d=\"M8 1.58337L15 8.00004L8 14.4167\" stroke=\"#1BBBFF\" stroke-width=\"2\" stroke-linecap=\"round\" stroke-linejoin=\"round\"><\/path><\/svg>\t\t\t\t\t\t<\/em>\t\r\n\t\t\t\t\t\t\t\t\t<\/a>\r\n\t\t\t\t\t<\/div>\r\n\t\t\t\t\t<\/div>\n\t\t\t\t<\/div>\n\t\t\t\t<div class=\"elementor-element elementor-element-31f7640 elementor-widget__width-inherit gsap-move-no rs-tween_max_btn-no elementor-widget elementor-widget-rs-divider\" data-id=\"31f7640\" data-element_type=\"widget\" data-widget_type=\"rs-divider.default\">\n\t\t\t\t<div class=\"elementor-widget-container\">\n\t\t\t\t\t\n\t\t<div class=\"rs-divider\"> <\/div>\n\n\t\t\t\t\t<\/div>\n\t\t\t\t<\/div>\n\t\t\t\t\t<\/div>\n\t\t\t\t<\/div>\n\t\t<div class=\"no-position  elementor-element elementor-element-09a55e1 e-flex e-con-boxed e-con e-parent\" data-id=\"09a55e1\" data-element_type=\"container\" data-settings=\"{&quot;background_background&quot;:&quot;classic&quot;}\">\n\t\t\t\t\t<div class=\"e-con-inner\">\n\t\t<div class=\"no-position  elementor-element elementor-element-5f758a0 e-con-full e-flex e-con e-child\" data-id=\"5f758a0\" data-element_type=\"container\" data-settings=\"{&quot;background_background&quot;:&quot;classic&quot;}\">\n\t\t\t\t<div class=\"elementor-element elementor-element-90076fe gsap-move-no rs-tween_max_btn-no elementor-widget elementor-widget-heading\" data-id=\"90076fe\" data-element_type=\"widget\" data-widget_type=\"heading.default\">\n\t\t\t\t\t<h5 class=\"elementor-heading-title elementor-size-default\">Moving with Ferd. Schlingloff: Fast, safe &amp; affordable<\/h5>\t\t\t\t<\/div>\n\t\t\t\t<div class=\"elementor-element elementor-element-9d0e6d9 gsap-move-no rs-tween_max_btn-no elementor-widget elementor-widget-rs-heading\" data-id=\"9d0e6d9\" data-element_type=\"widget\" data-widget_type=\"rs-heading.default\">\n\t\t\t\t<div class=\"elementor-widget-container\">\n\t\t\t\t\t\n\t\t<div class=\"prelements-heading default    animate-\">\n\t\t\t<div class=\"title-inner\">\n\t\t\t\t<h5 class=\"title rs-split-text-disable\">The moving company with a tradition since 1907...<\/h5>\n\t\t\t<\/div>\n\t\t\t\t\t\t\t<div class=\"description\">\n\t\t\t\t\t<p>We at Ferd. Schlingloff Euromovers have stood for exceptionally relaxed and safe removals for over a century \u2013 national and international \u2013 including personal consultation at surprisingly affordable prices!<\/p>\t\t\t\t<\/div>\n\t\t\t\t\t<\/div>\n\t\t\t\t<\/div>\n\t\t\t\t<\/div>\n\t\t\t\t<\/div>\n\t\t\t\t\t<\/div>\n\t\t\t\t<\/div>\n\t\t<div class=\"no-position  elementor-element elementor-element-20e2eba e-flex e-con-boxed e-con e-parent\" data-id=\"20e2eba\" data-element_type=\"container\" data-settings=\"{&quot;background_background&quot;:&quot;classic&quot;}\">\n\t\t\t\t\t<div class=\"e-con-inner\">\n\t\t<div class=\"no-position  elementor-element elementor-element-b99de5e e-con-full e-flex e-con e-child\" data-id=\"b99de5e\" data-element_type=\"container\">\n\t\t\t\t<div class=\"elementor-element elementor-element-5dbcfb8 elementor-widget__width-initial elementor-widget-mobile__width-inherit gsap-move-no rs-tween_max_btn-no elementor-widget elementor-widget-rs-heading\" data-id=\"5dbcfb8\" data-element_type=\"widget\" data-widget_type=\"rs-heading.default\">\n\t\t\t\t<div class=\"elementor-widget-container\">\n\t\t\t\t\t\n\t\t<div class=\"prelements-heading style1    animate-\">\n\t\t\t<div class=\"title-inner\">\n\t\t\t\t<h2 class=\"title rs-split-text-enable split-in-left\">Request a free, customized quote now!<\/h2>\n\t\t\t<\/div>\n\t\t\t\t\t<\/div>\n\t\t\t\t<\/div>\n\t\t\t\t<\/div>\n\t\t\t\t<div class=\"elementor-element elementor-element-1ddfe3f elementor-widget-mobile__width-inherit gsap-move-no rs-tween_max_btn-no elementor-widget elementor-widget-rs-button\" data-id=\"1ddfe3f\" data-element_type=\"widget\" data-widget_type=\"rs-button.default\">\n\t\t\t\t<div class=\"elementor-widget-container\">\n\t\t\t\t\t\t\t<div class=\"rs-button style6 unique-37264\">\r\n\r\n\t\t\t\r\n\t\t\t\t\t\t\t<a class=\"rs-btn\" href=\"https:\/\/schlingloff-euromovers.de\/en\/contact\/\" >\r\n\t\t\t\t\t\t\t\t\t\t\t<em class=\"first-em\">\r\n\t\t\t\t\t\t\t<svg xmlns=\"http:\/\/www.w3.org\/2000\/svg\" width=\"16\" height=\"16\" viewbox=\"0 0 16 16\" fill=\"none\"><path d=\"M1 8H15\" stroke=\"#1BBBFF\" stroke-width=\"2\" stroke-linecap=\"round\" stroke-linejoin=\"round\"><\/path><path d=\"M8 1.58337L15 8.00004L8 14.4167\" stroke=\"#1BBBFF\" stroke-width=\"2\" stroke-linecap=\"round\" stroke-linejoin=\"round\"><\/path><\/svg>\t\t\t\t\t\t<\/em>\t\r\n\t\t\t\t\t\t\t\t\t\t<span class=\"\">Enquire now!<\/span>\r\n\t\t\t\t\t\t\t\t\t\t\t<em>\r\n\t\t\t\t\t\t\t<svg xmlns=\"http:\/\/www.w3.org\/2000\/svg\" width=\"16\" height=\"16\" viewbox=\"0 0 16 16\" fill=\"none\"><path d=\"M1 8H15\" stroke=\"#1BBBFF\" stroke-width=\"2\" stroke-linecap=\"round\" stroke-linejoin=\"round\"><\/path><path d=\"M8 1.58337L15 8.00004L8 14.4167\" stroke=\"#1BBBFF\" stroke-width=\"2\" stroke-linecap=\"round\" stroke-linejoin=\"round\"><\/path><\/svg>\t\t\t\t\t\t<\/em>\t\r\n\t\t\t\t\t\t\t\t\t<\/a>\r\n\t\t\t\t\t<\/div>\r\n\t\t\t\t\t<\/div>\n\t\t\t\t<\/div>\n\t\t\t\t<div class=\"elementor-element elementor-element-a8af61d elementor-widget__width-inherit gsap-move-no rs-tween_max_btn-no elementor-widget elementor-widget-rs-divider\" data-id=\"a8af61d\" data-element_type=\"widget\" data-widget_type=\"rs-divider.default\">\n\t\t\t\t<div class=\"elementor-widget-container\">\n\t\t\t\t\t\n\t\t<div class=\"rs-divider\"> <\/div>\n\n\t\t\t\t\t<\/div>\n\t\t\t\t<\/div>\n\t\t\t\t<\/div>\n\t\t\t\t\t<\/div>\n\t\t\t\t<\/div>\n\t\t<div class=\"no-position  elementor-element elementor-element-786f695 e-flex e-con-boxed e-con e-parent\" data-id=\"786f695\" data-element_type=\"container\">\n\t\t\t\t\t<div class=\"e-con-inner\">\n\t\t\t\t<div class=\"elementor-element elementor-element-d32e3cd gsap-move-no rs-tween_max_btn-no elementor-widget elementor-widget-heading\" data-id=\"d32e3cd\" data-element_type=\"widget\" data-widget_type=\"heading.default\">\n\t\t\t\t\t<h3 class=\"elementor-heading-title elementor-size-default\">Service areas<\/h3>\t\t\t\t<\/div>\n\t\t\t\t\t<\/div>\n\t\t\t\t<\/div>\n\t\t<div class=\"no-position  elementor-element elementor-element-2d3c11a e-flex e-con-boxed e-con e-parent\" data-id=\"2d3c11a\" data-element_type=\"container\">\n\t\t\t\t\t<div class=\"e-con-inner\">\n\t\t\t\t<div class=\"elementor-element elementor-element-c846a85 gsap-move-no rs-tween_max_btn-no elementor-widget elementor-widget-text-editor\" data-id=\"c846a85\" data-element_type=\"widget\" data-widget_type=\"text-editor.default\">\n\t\t\t\t\t\t\t\t\t<p>Rheingau (Eltville, Walluf, Geisenheim, R\u00fcdesheim, Lorch), Wiesbaden, Mainz, Frankfurt am Main, Idstein, Bad Schwalbach.<\/p>\t\t\t\t\t\t\t\t<\/div>\n\t\t\t\t\t<\/div>\n\t\t\t\t<\/div>\n\t\t\t\t<\/div>","protected":false},"excerpt":{"rendered":"<p>Darum sollte man einen Privatumzug an professionelle H\u00e4nde \u00fcbergeben Es gibt Aufgaben im Leben, die man einfach nicht alleine bew\u00e4ltigen kann. Dazu geh\u00f6rt auch ein\u00a0Umzug, mit dem man automatisch mit Stress, Hektik und kaputten Gegenst\u00e4nden verbindet. Irgendwie stimmt das ja auch, denn auch wenn man es nicht immer zugeben m\u00f6chte, so ein Privatumzug zerrt ganz&#8230;<\/p>","protected":false},"author":1,"featured_media":0,"parent":0,"menu_order":0,"comment_status":"closed","ping_status":"closed","template":"elementor_header_footer","meta":{"footnotes":""},"class_list":["post-11066","page","type-page","status-publish","hentry"],"_links":{"self":[{"href":"https:\/\/schlingloff-euromovers.de\/en\/wp-json\/wp\/v2\/pages\/11066","targetHints":{"allow":["GET"]}}],"collection":[{"href":"https:\/\/schlingloff-euromovers.de\/en\/wp-json\/wp\/v2\/pages"}],"about":[{"href":"https:\/\/schlingloff-euromovers.de\/en\/wp-json\/wp\/v2\/types\/page"}],"author":[{"embeddable":true,"href":"https:\/\/schlingloff-euromovers.de\/en\/wp-json\/wp\/v2\/users\/1"}],"replies":[{"embeddable":true,"href":"https:\/\/schlingloff-euromovers.de\/en\/wp-json\/wp\/v2\/comments?post=11066"}],"version-history":[{"count":6,"href":"https:\/\/schlingloff-euromovers.de\/en\/wp-json\/wp\/v2\/pages\/11066\/revisions"}],"predecessor-version":[{"id":12493,"href":"https:\/\/schlingloff-euromovers.de\/en\/wp-json\/wp\/v2\/pages\/11066\/revisions\/12493"}],"wp:attachment":[{"href":"https:\/\/schlingloff-euromovers.de\/en\/wp-json\/wp\/v2\/media?parent=11066"}],"curies":[{"name":"wp","href":"https:\/\/api.w.org\/{rel}","templated":true}]}}